{"id":13,"date":"2015-08-25T12:18:16","date_gmt":"2015-08-25T10:18:16","guid":{"rendered":"http:\/\/wwwdev.duit.loc\/wwwdev9\/?page_id=13"},"modified":"2025-02-17T10:12:21","modified_gmt":"2025-02-17T09:12:21","slug":"impressum","status":"publish","type":"page","link":"https:\/\/einkaufsportal.duisburg.de\/index.php\/startseite-2\/impressum\/","title":{"rendered":"Impressum"},"content":{"rendered":"<p><strong>Verantwortlich f\u00fcr die Inhalte dieser Internet-Pr\u00e4senz ist die<\/strong><\/p>\n<ul class=\"imprint\">\n<li>DEG Duisburger Einkaufsgesellschaft mbH<\/li>\n<li>Heerstr. 20<\/li>\n<li>47053 Duisburg<\/li>\n<\/ul>\n<ul class=\"imprint\">\n<li>Telefon: 0203 &#8211; 604 3604<\/li>\n<li>E-Mail: <a id=\"deg-mail\" href=\"javascript:secureDecryptAndNavigate('hTfpC4hm+0RhDp5LTdOgafyV+C4ZFAyj06Nlwjav6xgBnlhP4ia0Ehz+ngmlCssKkwpP28mXmr+nPxhNBbgFK7QKN7ZRSWPR+kSG', '607a61a4f21c7b08c8289208d825e4ec6b6483684e22a36f3711ad4e9110f41b')\">info [at] deg-duisburg [dot] de<\/a><\/li>\n<li>Gesch\u00e4ftsf\u00fchrer: Ute Johanna K\u00fcppers, Carsten Saffran, Mirco Wagner<\/li>\n<li>Handelsregister Nummer: HRB 26128<\/li>\n<\/ul>\n<p>Die Informationen und Daten auf <em>einkaufsportal.duisburg.de<\/em> werden regelm\u00e4\u00dfig aktualisiert. Eine Haftung oder Garantie f\u00fcr die Aktualit\u00e4t, Richtigkeit und Vollst\u00e4ndigkeit der zur Verf\u00fcgung gestellten Informationen und Daten ist jedoch\u00a0 ausgeschlossen. Dieser Hinweis gilt auch f\u00fcr Websites, auf die durch Hyperlinks verwiesen wird. Bei der erstmaligen Verkn\u00fcpfung wurden die Inhalte verlinkter Websites daraufhin \u00fcberpr\u00fcft, ob sie gegen geltendes Recht versto\u00dfen. Eine regelm\u00e4\u00dfige \u00dcberpr\u00fcfung fremder Websites ist jedoch nicht zumutbar. F\u00fcr diese fremden Inhalte sind wir nur dann verantwortlich, wenn wir feststellen oder von anderen darauf hingewiesen werden, dass ein konkretes Angebot, zu dem wir einen Hyperlink bereitgestellt haben, gegen geltendes Recht verst\u00f6\u00dft. In diesem Fall werden wir den Hyperlink aufheben.<\/p>\n","protected":false},"excerpt":{"rendered":"<p>Verantwortlich f\u00fcr die Inhalte dieser Internet-Pr\u00e4senz ist die DEG Duisburger Einkaufsgesellschaft mbH Heerstr. 20 47053 Duisburg Telefon: 0203 &#8211; 604 3604 E-Mail: info [at] deg-duisburg [dot] de Gesch\u00e4ftsf\u00fchrer: Ute Johanna K\u00fcppers, Carsten Saffran, Mirco Wagner Handelsregister Nummer: HRB 26128 Die Informationen und Daten auf einkaufsportal.duisburg.de werden regelm\u00e4\u00dfig aktualisiert. Eine Haftung oder Garantie f\u00fcr die Aktualit\u00e4t, [&hellip;]<\/p>\n","protected":false},"author":1,"featured_media":0,"parent":21,"menu_order":0,"comment_status":"closed","ping_status":"closed","template":"","meta":{"_acf_changed":false,"footnotes":""},"class_list":["post-13","page","type-page","status-publish","hentry"],"acf":[],"_links":{"self":[{"href":"https:\/\/einkaufsportal.duisburg.de\/index.php\/wp-json\/wp\/v2\/pages\/13","targetHints":{"allow":["GET"]}}],"collection":[{"href":"https:\/\/einkaufsportal.duisburg.de\/index.php\/wp-json\/wp\/v2\/pages"}],"about":[{"href":"https:\/\/einkaufsportal.duisburg.de\/index.php\/wp-json\/wp\/v2\/types\/page"}],"author":[{"embeddable":true,"href":"https:\/\/einkaufsportal.duisburg.de\/index.php\/wp-json\/wp\/v2\/users\/1"}],"replies":[{"embeddable":true,"href":"https:\/\/einkaufsportal.duisburg.de\/index.php\/wp-json\/wp\/v2\/comments?post=13"}],"version-history":[{"count":49,"href":"https:\/\/einkaufsportal.duisburg.de\/index.php\/wp-json\/wp\/v2\/pages\/13\/revisions"}],"predecessor-version":[{"id":1494,"href":"https:\/\/einkaufsportal.duisburg.de\/index.php\/wp-json\/wp\/v2\/pages\/13\/revisions\/1494"}],"up":[{"embeddable":true,"href":"https:\/\/einkaufsportal.duisburg.de\/index.php\/wp-json\/wp\/v2\/pages\/21"}],"wp:attachment":[{"href":"https:\/\/einkaufsportal.duisburg.de\/index.php\/wp-json\/wp\/v2\/media?parent=13"}],"curies":[{"name":"wp","href":"https:\/\/api.w.org\/{rel}","templated":true}]}}