{"id":15,"date":"2015-08-25T12:18:41","date_gmt":"2015-08-25T10:18:41","guid":{"rendered":"http:\/\/wwwdev.duit.loc\/wwwdev9\/?page_id=15"},"modified":"2018-06-01T09:52:54","modified_gmt":"2018-06-01T07:52:54","slug":"datenschutz","status":"publish","type":"page","link":"https:\/\/einkaufsportal.duisburg.de\/index.php\/startseite-2\/datenschutz\/","title":{"rendered":"Datenschutz"},"content":{"rendered":"<p><strong>Allgemeine Informationen zur Umsetzung der datenschutzrechtlichen Vorgaben gem\u00e4\u00df Datenschutz-Grundverordnung<\/strong><\/p>\n<p>Seit dem 25.05.2018 sind in allen EU-Mitgliedsstaaten die Regelungen der Datenschutz-Grundverordnung (DSGVO) anzuwenden. Die nachfolgenden Informationen geben Ihnen einen \u00dcberblick \u00fcber die Verarbeitung Ihrer personenbezogenen Daten und Ihre Rechte, die sich aus den Datenschutzregelungen ergeben.<\/p>\n<p>Grunds\u00e4tzlich k\u00f6nnen Sie die Seiten des Internetauftritts <em>einkaufsportal.duisburg.de<\/em> besuchen, ohne dass pers\u00f6nliche Daten von Ihnen ben\u00f6tigt werden. Pers\u00f6nliche Daten werden nur dann erhoben und verarbeitet, wenn dies und so lange dies f\u00fcr die auf der Website angebotene Leistung erforderlich ist. Danach werden die Daten gel\u00f6scht. Von gesetzlich zugelassenen Ausnahmen abgesehen, werden Ihre Daten grunds\u00e4tzlich nur zu dem Zweck verwendet, zu dem sie erhoben werden.<br \/>\nDie Datenverarbeitung erfolgt auf Grundlage des Art. 6 Abs. 1 DSGVO. Hierf\u00fcr werden notwendige technische und organisatorische Sicherheitsma\u00dfnahmen eingesetzt, um die personenbezogenen Daten gegen unbeabsichtigte oder unrechtm\u00e4\u00dfige Vernichtung oder Ver\u00e4nderung sowie gegen unbefugte Offenlegung oder unbefugten Zugang zu sch\u00fctzen.<\/p>\n<p><strong>Verwendung von Cookies<\/strong><\/p>\n<p>In einigen Bereichen der Website werden so genannte Cookies eingesetzt, um Ihnen unsere Leistung individueller zur Verf\u00fcgung stellen zu k\u00f6nnen. Cookies sind Kennungen, die ein Webserver an Ihren Computer senden kann, um ihn f\u00fcr die Dauer des Besuches zu identifizieren. Sie k\u00f6nnen Ihren Browser so einstellen, dass er Sie \u00fcber die Platzierung von Cookies informiert. So wird der Gebrauch von Cookies f\u00fcr Sie transparent.<\/p>\n<p><strong>Verschl\u00fcsselung<\/strong><\/p>\n<p>Wir weisen darauf hin, dass die \u00dcbersendung von Daten noch nicht durch ein Verschl\u00fcsselungsverfahren abgesichert ist, sodass die M\u00f6glichkeit nicht ausgeschlossen werden kann, dass die Informationen auf dem \u00dcbertragungsweg von Dritten zur Kenntnis genommen, verf\u00e4lscht oder gel\u00f6scht werden k\u00f6nnen. Auch bei der Kommunikation \u00fcber E-Mail ist zu beachten, dass zur Zeit noch keine Verschl\u00fcsselung angeboten werden kann, und dass daher eine \u00dcbermittlung nicht sicher ist.<\/p>\n<p><strong>Nutzung und Weitergabe pers\u00f6nlicher Daten und Zweckbindung<\/strong><\/p>\n<p>Alle personenbezogenen Daten werden entsprechend den jeweils geltenden Vorschriften zum Schutz personenbezogener Daten nur zum Zwecke der Vertragsabwicklung und zur Wahrung berechtigter eigener Interessen erhoben, verarbeitet und genutzt.<\/p>\n<p><strong>Sicherheit<\/strong><\/p>\n<p>Ihre Daten werden durch technische und organisatorische Ma\u00dfnahmen vor unberechtigtem Zugriff, Verlust oder Zerst\u00f6rung gesch\u00fctzt. Unsere Sicherheitsma\u00dfnahmen werden entsprechend der technologischen Entwicklung fortlaufend aktualisiert. <\/p>\n<p><strong>Welche Rechte haben Sie?<\/strong><\/p>\n<p>Sie haben nach der Datenschutz-Grundverordnung verschiedene Rechte. Einzelheiten ergeben sich insbesondere aus Artikel 15 bis 18 und 21 der Datenschutz-Grundverordnung.<\/p>\n<p><strong>Recht auf Auskunft<\/strong><\/p>\n<p>Sie k\u00f6nnen Auskunft \u00fcber die von uns verarbeiteten personenbezogenen Daten verlangen. In Ihrem Auskunftsantrag sollten Sie Ihr Anliegen pr\u00e4zisieren, um uns das Zusammenstellen der erforderlichen Daten zu erleichtern. Daher sollten in dem Antrag m\u00f6glichst Angaben zum konkreten Verfahren bzw. zur Anwendung und zum Verfahrensabschnitt gemacht werden. Im Falle von offenkundig unbegr\u00fcndeten oder exzessiven Antr\u00e4gen kann die Auskunftserteilung abgelehnt werden.<\/p>\n<p><strong>Recht auf Berichtigung<\/strong><\/p>\n<p>Sollten die betreffenden Angaben nicht (mehr) zutreffend sein, k\u00f6nnen Sie eine Berichtigung verlangen. Sollten Ihre Daten unvollst\u00e4ndig sein, k\u00f6nnen Sie eine Vervollst\u00e4ndigung verlangen.<\/p>\n<p><strong>Recht auf L\u00f6schung<\/strong><\/p>\n<p>Sie k\u00f6nnen die L\u00f6schung Ihrer personenbezogenen Daten verlangen. Ihr Anspruch auf L\u00f6schung h\u00e4ngt u.a. davon ab, ob die Sie betreffenden Daten noch zur Erf\u00fcllung unserer gesetzlichen Aufgaben ben\u00f6tigt werden.<\/p>\n<p><strong>Recht auf Einschr\u00e4nkung der Verarbeitung<\/strong><\/p>\n<p>Sie haben das Recht, eine Einschr\u00e4nkung der Verarbeitung der Sie betreffenden Daten zu verlangen. Die Einschr\u00e4nkung steht einer Verarbeitung nicht entgegen, soweit an der Verarbeitung ein wichtiges \u00f6ffentliches Interesse besteht.<\/p>\n<p><strong>Recht auf Widerspruch<\/strong><\/p>\n<p>Sie haben das Recht, aus Gr\u00fcnden, die sich aus Ihrer besonderen Situation ergeben, jederzeit der Verarbeitung der Sie betreffenden Daten zu widersprechen. Allerdings k\u00f6nnen wir dem nicht nachkommen, wenn an der Verarbeitung ein \u00fcberwiegendes \u00f6ffentliches Interesse besteht oder eine Rechtsvorschrift uns zur Verarbeitung verpflichtet.<\/p>\n<p><strong>Recht auf Beschwerde<\/strong><\/p>\n<p>Wenn Sie der Auffassung sind, dass wir Ihrem Anliegen nicht oder nicht in vollem Umfang nachgekommen sind, k\u00f6nnen Sie bei der zust\u00e4ndigen Datenschutzaufsichtsbeh\u00f6rde Beschwerde einlegen. Die Kontaktdaten der Datenschutzbeh\u00f6rden des Bundes und der L\u00e4nder finden Sie unter www.datenschutz.de\/projektpartner\/.<\/p>\n","protected":false},"excerpt":{"rendered":"<p>Allgemeine Informationen zur Umsetzung der datenschutzrechtlichen Vorgaben gem\u00e4\u00df Datenschutz-Grundverordnung Seit dem 25.05.2018 sind in allen EU-Mitgliedsstaaten die Regelungen der Datenschutz-Grundverordnung (DSGVO) anzuwenden. Die nachfolgenden Informationen geben Ihnen einen \u00dcberblick \u00fcber die Verarbeitung Ihrer personenbezogenen Daten und Ihre Rechte, die sich aus den Datenschutzregelungen ergeben. Grunds\u00e4tzlich k\u00f6nnen Sie die Seiten des Internetauftritts einkaufsportal.duisburg.de besuchen, ohne dass [&hellip;]<\/p>\n","protected":false},"author":1,"featured_media":0,"parent":21,"menu_order":0,"comment_status":"closed","ping_status":"closed","template":"","meta":{"_acf_changed":false,"footnotes":""},"class_list":["post-15","page","type-page","status-publish","hentry"],"acf":[],"_links":{"self":[{"href":"https:\/\/einkaufsportal.duisburg.de\/index.php\/wp-json\/wp\/v2\/pages\/15","targetHints":{"allow":["GET"]}}],"collection":[{"href":"https:\/\/einkaufsportal.duisburg.de\/index.php\/wp-json\/wp\/v2\/pages"}],"about":[{"href":"https:\/\/einkaufsportal.duisburg.de\/index.php\/wp-json\/wp\/v2\/types\/page"}],"author":[{"embeddable":true,"href":"https:\/\/einkaufsportal.duisburg.de\/index.php\/wp-json\/wp\/v2\/users\/1"}],"replies":[{"embeddable":true,"href":"https:\/\/einkaufsportal.duisburg.de\/index.php\/wp-json\/wp\/v2\/comments?post=15"}],"version-history":[{"count":32,"href":"https:\/\/einkaufsportal.duisburg.de\/index.php\/wp-json\/wp\/v2\/pages\/15\/revisions"}],"predecessor-version":[{"id":1371,"href":"https:\/\/einkaufsportal.duisburg.de\/index.php\/wp-json\/wp\/v2\/pages\/15\/revisions\/1371"}],"up":[{"embeddable":true,"href":"https:\/\/einkaufsportal.duisburg.de\/index.php\/wp-json\/wp\/v2\/pages\/21"}],"wp:attachment":[{"href":"https:\/\/einkaufsportal.duisburg.de\/index.php\/wp-json\/wp\/v2\/media?parent=15"}],"curies":[{"name":"wp","href":"https:\/\/api.w.org\/{rel}","templated":true}]}}