{"id":21,"date":"2015-08-25T12:22:03","date_gmt":"2015-08-25T10:22:03","guid":{"rendered":"http:\/\/wwwdev.duit.loc\/wwwdev9\/?page_id=21"},"modified":"2025-12-03T13:35:06","modified_gmt":"2025-12-03T12:35:06","slug":"startseite-2","status":"publish","type":"page","link":"https:\/\/einkaufsportal.duisburg.de\/","title":{"rendered":"Unsere Seiten werden aktuell \u00fcberarbeitet. Wir bitten um Verst\u00e4ndnis. Alle Funktionen stehen zur Verf\u00fcgung."},"content":{"rendered":"<div id=\"pl-21\"  class=\"panel-layout\" ><div id=\"pg-21-0\"  class=\"panel-grid panel-no-style\" ><div id=\"pgc-21-0-0\"  class=\"panel-grid-cell panel-grid-cell-empty\" ><\/div><\/div><div id=\"pg-21-1\"  class=\"panel-grid panel-no-style\" ><div id=\"pgc-21-1-0\"  class=\"panel-grid-cell\" ><div id=\"panel-21-1-0-0\" class=\"so-panel widget widget_text panel-first-child\" data-index=\"0\" ><div class=\"header-widget-custom-text panel-widget-style panel-widget-style-for-21-1-0-0\" ><h3 class=\"widget-title\">Einkaufsnetzwerk<\/h3>\t\t\t<div class=\"textwidget\"><\/div>\n\t\t<\/div><\/div><div id=\"panel-21-1-0-1\" class=\"so-panel widget widget_sow-image\" data-index=\"1\" ><div\n\t\t\t\n\t\t\tclass=\"so-widget-sow-image so-widget-sow-image-default-dbf295114b96-21\"\n\t\t\t\n\t\t>\n<div class=\"sow-image-container\">\n\t\t\t<a href=\"https:\/\/einkaufsportal.duisburg.de\/index.php\/startseite-2\/einkaufsnetzwerk\/\"\n\t\t\t\t\t>\n\t\t\t<img \n\tsrc=\"https:\/\/einkaufsportal.duisburg.de\/wp-content\/uploads\/Einkaufsnetzwerk.png\" width=\"902\" height=\"458\" srcset=\"https:\/\/einkaufsportal.duisburg.de\/wp-content\/uploads\/Einkaufsnetzwerk.png 902w, https:\/\/einkaufsportal.duisburg.de\/wp-content\/uploads\/Einkaufsnetzwerk-300x152.png 300w\" sizes=\"(max-width: 902px) 100vw, 902px\" title=\"Einkaufsnetzwerk\" alt=\"Einkaufsnetzwerk\" \t\tclass=\"so-widget-image\"\/>\n\t\t\t<\/a><\/div>\n\n<\/div><\/div><div id=\"panel-21-1-0-2\" class=\"so-panel widget widget_text panel-last-child\" data-index=\"2\" >\t\t\t<div class=\"textwidget\">Hier erfahren Sie, wer Ihre Ansprechpartner sind.<\/div>\n\t\t<\/div><\/div><div id=\"pgc-21-1-1\"  class=\"panel-grid-cell\" ><div id=\"panel-21-1-1-0\" class=\"so-panel widget widget_text panel-first-child\" data-index=\"3\" ><div class=\"header-widget-custom-text panel-widget-style panel-widget-style-for-21-1-1-0\" ><h3 class=\"widget-title\">Lieferantenanwendungen<\/h3>\t\t\t<div class=\"textwidget\"><\/div>\n\t\t<\/div><\/div><div id=\"panel-21-1-1-1\" class=\"so-panel widget widget_sow-image\" data-index=\"4\" ><div\n\t\t\t\n\t\t\tclass=\"so-widget-sow-image so-widget-sow-image-default-dbf295114b96-21\"\n\t\t\t\n\t\t>\n<div class=\"sow-image-container\">\n\t\t\t<a href=\"https:\/\/einkaufsportal.duisburg.de\/index.php\/startseite-2\/lieferantenanwendungen\/\"\n\t\t\t\t\t>\n\t\t\t<img \n\tsrc=\"https:\/\/einkaufsportal.duisburg.de\/wp-content\/uploads\/Lieferantenanwendungen.png\" width=\"902\" height=\"458\" srcset=\"https:\/\/einkaufsportal.duisburg.de\/wp-content\/uploads\/Lieferantenanwendungen.png 902w, https:\/\/einkaufsportal.duisburg.de\/wp-content\/uploads\/Lieferantenanwendungen-300x152.png 300w\" sizes=\"(max-width: 902px) 100vw, 902px\" title=\"Lieferantenmanagement\" alt=\"Lieferantenmanagement\" \t\tclass=\"so-widget-image\"\/>\n\t\t\t<\/a><\/div>\n\n<\/div><\/div><div id=\"panel-21-1-1-2\" class=\"so-panel widget widget_text panel-last-child\" data-index=\"5\" >\t\t\t<div class=\"textwidget\">Hier gelangen Sie zu unseren Anwendungen.<\/div>\n\t\t<\/div><\/div><\/div><div id=\"pg-21-2\"  class=\"panel-grid panel-no-style\" ><div id=\"pgc-21-2-0\"  class=\"panel-grid-cell\" ><div id=\"panel-21-2-0-0\" class=\"so-panel widget widget_text panel-first-child\" data-index=\"6\" ><div class=\"header-widget-custom-text panel-widget-style panel-widget-style-for-21-2-0-0\" ><h3 class=\"widget-title\">Ausschreibungen<\/h3>\t\t\t<div class=\"textwidget\"><\/div>\n\t\t<\/div><\/div><div id=\"panel-21-2-0-1\" class=\"so-panel widget widget_sow-image\" data-index=\"7\" ><div\n\t\t\t\n\t\t\tclass=\"so-widget-sow-image so-widget-sow-image-default-dbf295114b96-21\"\n\t\t\t\n\t\t>\n<div class=\"sow-image-container\">\n\t\t\t<a href=\"https:\/\/einkaufsportal.duisburg.de\/index.php\/startseite-2\/ausschreibungen\/\"\n\t\t\t\t\t>\n\t\t\t<img \n\tsrc=\"https:\/\/einkaufsportal.duisburg.de\/wp-content\/uploads\/Ausschreibungen.png\" width=\"902\" height=\"458\" srcset=\"https:\/\/einkaufsportal.duisburg.de\/wp-content\/uploads\/Ausschreibungen.png 902w, https:\/\/einkaufsportal.duisburg.de\/wp-content\/uploads\/Ausschreibungen-300x152.png 300w\" sizes=\"(max-width: 902px) 100vw, 902px\" title=\"Ausschreibungen\" alt=\"Ausschreibungen\" \t\tclass=\"so-widget-image\"\/>\n\t\t\t<\/a><\/div>\n\n<\/div><\/div><div id=\"panel-21-2-0-2\" class=\"so-panel widget widget_text panel-last-child\" data-index=\"8\" >\t\t\t<div class=\"textwidget\">Hier erhalten Sie Informationen zu aktuellen Ausschreibungen.<\/div>\n\t\t<\/div><\/div><div id=\"pgc-21-2-1\"  class=\"panel-grid-cell\" ><div id=\"panel-21-2-1-0\" class=\"so-panel widget widget_text panel-first-child\" data-index=\"9\" ><div class=\"header-widget-custom-text panel-widget-style panel-widget-style-for-21-2-1-0\" ><h3 class=\"widget-title\">Dokumente<\/h3>\t\t\t<div class=\"textwidget\"><\/div>\n\t\t<\/div><\/div><div id=\"panel-21-2-1-1\" class=\"so-panel widget widget_sow-image\" data-index=\"10\" ><div\n\t\t\t\n\t\t\tclass=\"so-widget-sow-image so-widget-sow-image-default-dbf295114b96-21\"\n\t\t\t\n\t\t>\n<div class=\"sow-image-container\">\n\t\t\t<a href=\"https:\/\/einkaufsportal.duisburg.de\/indexphp\/startseite-2\/dokumente\/\"\n\t\t\t\t\t>\n\t\t\t<img \n\tsrc=\"https:\/\/einkaufsportal.duisburg.de\/wp-content\/uploads\/Dokumente.png\" width=\"902\" height=\"458\" srcset=\"https:\/\/einkaufsportal.duisburg.de\/wp-content\/uploads\/Dokumente.png 902w, https:\/\/einkaufsportal.duisburg.de\/wp-content\/uploads\/Dokumente-300x152.png 300w\" sizes=\"(max-width: 902px) 100vw, 902px\" title=\"Dokumente\" alt=\"\" \t\tclass=\"so-widget-image\"\/>\n\t\t\t<\/a><\/div>\n\n<\/div><\/div><div id=\"panel-21-2-1-2\" class=\"so-panel widget widget_text panel-last-child\" data-index=\"11\" >\t\t\t<div class=\"textwidget\">Hier finden Sie unsere Vertragsbedingungen und eine \u00dcbersicht aller Formulare.<\/div>\n\t\t<\/div><\/div><\/div><\/div>","protected":false},"excerpt":{"rendered":"<p>Hier erfahren Sie, wer Ihre Ansprechpartner sind. Hier gelangen Sie zu unseren Anwendungen.<\/p>\n","protected":false},"author":1,"featured_media":0,"parent":0,"menu_order":0,"comment_status":"closed","ping_status":"closed","template":"","meta":{"_acf_changed":false,"footnotes":""},"class_list":["post-21","page","type-page","status-publish","hentry"],"acf":[],"_links":{"self":[{"href":"https:\/\/einkaufsportal.duisburg.de\/index.php\/wp-json\/wp\/v2\/pages\/21","targetHints":{"allow":["GET"]}}],"collection":[{"href":"https:\/\/einkaufsportal.duisburg.de\/index.php\/wp-json\/wp\/v2\/pages"}],"about":[{"href":"https:\/\/einkaufsportal.duisburg.de\/index.php\/wp-json\/wp\/v2\/types\/page"}],"author":[{"embeddable":true,"href":"https:\/\/einkaufsportal.duisburg.de\/index.php\/wp-json\/wp\/v2\/users\/1"}],"replies":[{"embeddable":true,"href":"https:\/\/einkaufsportal.duisburg.de\/index.php\/wp-json\/wp\/v2\/comments?post=21"}],"version-history":[{"count":47,"href":"https:\/\/einkaufsportal.duisburg.de\/index.php\/wp-json\/wp\/v2\/pages\/21\/revisions"}],"predecessor-version":[{"id":1608,"href":"https:\/\/einkaufsportal.duisburg.de\/index.php\/wp-json\/wp\/v2\/pages\/21\/revisions\/1608"}],"wp:attachment":[{"href":"https:\/\/einkaufsportal.duisburg.de\/index.php\/wp-json\/wp\/v2\/media?parent=21"}],"curies":[{"name":"wp","href":"https:\/\/api.w.org\/{rel}","templated":true}]}}