{"id":25,"date":"2015-08-27T09:58:46","date_gmt":"2015-08-27T07:58:46","guid":{"rendered":"http:\/\/wwwdev.duit.loc\/wwwdev9\/?page_id=25"},"modified":"2025-07-03T14:36:52","modified_gmt":"2025-07-03T12:36:52","slug":"einkaufsnetzwerk","status":"publish","type":"page","link":"https:\/\/einkaufsportal.duisburg.de\/index.php\/startseite-2\/einkaufsnetzwerk\/","title":{"rendered":"Einkaufsnetzwerk"},"content":{"rendered":"<p>Die Bedeutung des Einkaufs in der Stadt Duisburg sowie ihren Tochtergesellschaften und eigenbetriebs\u00e4hnlichen Einrichtungen steht au\u00dfer Frage. Mehrere Hundert Millionen Euro werden j\u00e4hrlich vergeben, um den au\u00dferordentlich vielf\u00e4ltigen Bedarf des &#8222;Konzerns Stadt Duisburg&#8220; zu decken: vom B\u00fcrobedarf und Arbeitsschutzkleidung \u00fcber Hoch-, Tief- und Kanalbauleistungen, Anlagenerweiterungen im Kraftwerk und an Kl\u00e4ranlagen sowie der Beschaffung von PKW, Bussen, Bahnen und Feuerwehrfahrzeugen.<\/p>\n<p>\u00d6ffentliche Auftraggeber werden sehr h\u00e4ufig dabei durch exogene Faktoren beeinflusst. Insbesondere Politik, ver\u00e4nderte Gesetzgebungen, wie z.B. die Tariftreue- und Vergabegesetze, und die damit einhergehende Zunahme an B\u00fcrokratie, die Energiewende und ihre Folgen f\u00fcr die kommunale Stadtwerkelandschaft sowie die Haushaltssituation strukturschwacher St\u00e4dte und Gemeinden verlangen von den \u00f6ffentlichen Auftraggebern einen hohen Grad an Anpassungsf\u00e4higkeit und Kreativit\u00e4t.<\/p>\n<p>Um die Leistungsf\u00e4higkeit ihrer Organisationen sicherzustellen, m\u00fcssen auch kommunale Verwaltungen und st\u00e4dtische Tochtergesellschaften f\u00fcr sie neue, kreative Wege gehen und Effizienzreserven erschlie\u00dfen.<\/p>\n<p>In Duisburg wird hierzu auch der Einkauf als Werthebel positioniert.<\/p>\n<p>Im Schulterschluss von Politik, Stadtspitze und den Gesch\u00e4ftsf\u00fchrungen bzw. Vorst\u00e4nden der gro\u00dfen st\u00e4dtischen Beteiligungen wurde zum 01.01.2014 die DEG Duisburger Einkaufsgesellschaft mbH (DEG) als strategisches Bindeglied zwischen den Einkaufseinheiten der Stadt Duisburg, der Duisburger Versorgungs- und Verkehrsgesellschaft (DVV) und der Wirtschaftsbetriebe Duisburg-A\u00f6R (WBD) gegr\u00fcndet.<\/p>\n<p><img loading=\"lazy\" decoding=\"async\" class=\"wp-image-1505  aligncenter\" src=\"https:\/\/einkaufsportal.duisburg.de\/wp-content\/uploads\/Diagramm-1-300x240.png\" alt=\"\" width=\"838\" height=\"671\" srcset=\"https:\/\/einkaufsportal.duisburg.de\/wp-content\/uploads\/Diagramm-1-300x240.png 300w, https:\/\/einkaufsportal.duisburg.de\/wp-content\/uploads\/Diagramm-1-1024x819.png 1024w, https:\/\/einkaufsportal.duisburg.de\/wp-content\/uploads\/Diagramm-1-768x614.png 768w, https:\/\/einkaufsportal.duisburg.de\/wp-content\/uploads\/Diagramm-1-1536x1228.png 1536w, https:\/\/einkaufsportal.duisburg.de\/wp-content\/uploads\/Diagramm-1.png 1772w\" sizes=\"auto, (max-width: 838px) 100vw, 838px\" \/><strong>Der Vorteil f\u00fcr Sie als unser Lieferant:<\/strong> Eine klare Strukturierung der Ansprechpartner f\u00fcr die kommunalen Bedarfe, lukrative Losgr\u00f6\u00dfen bei der Vergabe sowie einheitliche Lieferantenanwendungen.<\/p>\n","protected":false},"excerpt":{"rendered":"<p>Die Bedeutung des Einkaufs in der Stadt Duisburg sowie ihren Tochtergesellschaften und eigenbetriebs\u00e4hnlichen Einrichtungen steht au\u00dfer Frage. Mehrere Hundert Millionen Euro werden j\u00e4hrlich vergeben, um den au\u00dferordentlich vielf\u00e4ltigen Bedarf des &#8222;Konzerns Stadt Duisburg&#8220; zu decken: vom B\u00fcrobedarf und Arbeitsschutzkleidung \u00fcber Hoch-, Tief- und Kanalbauleistungen, Anlagenerweiterungen im Kraftwerk und an Kl\u00e4ranlagen sowie der Beschaffung von PKW, [&hellip;]<\/p>\n","protected":false},"author":1,"featured_media":0,"parent":21,"menu_order":0,"comment_status":"closed","ping_status":"closed","template":"","meta":{"_acf_changed":false,"footnotes":""},"class_list":["post-25","page","type-page","status-publish","hentry"],"acf":[],"_links":{"self":[{"href":"https:\/\/einkaufsportal.duisburg.de\/index.php\/wp-json\/wp\/v2\/pages\/25","targetHints":{"allow":["GET"]}}],"collection":[{"href":"https:\/\/einkaufsportal.duisburg.de\/index.php\/wp-json\/wp\/v2\/pages"}],"about":[{"href":"https:\/\/einkaufsportal.duisburg.de\/index.php\/wp-json\/wp\/v2\/types\/page"}],"author":[{"embeddable":true,"href":"https:\/\/einkaufsportal.duisburg.de\/index.php\/wp-json\/wp\/v2\/users\/1"}],"replies":[{"embeddable":true,"href":"https:\/\/einkaufsportal.duisburg.de\/index.php\/wp-json\/wp\/v2\/comments?post=25"}],"version-history":[{"count":24,"href":"https:\/\/einkaufsportal.duisburg.de\/index.php\/wp-json\/wp\/v2\/pages\/25\/revisions"}],"predecessor-version":[{"id":1508,"href":"https:\/\/einkaufsportal.duisburg.de\/index.php\/wp-json\/wp\/v2\/pages\/25\/revisions\/1508"}],"up":[{"embeddable":true,"href":"https:\/\/einkaufsportal.duisburg.de\/index.php\/wp-json\/wp\/v2\/pages\/21"}],"wp:attachment":[{"href":"https:\/\/einkaufsportal.duisburg.de\/index.php\/wp-json\/wp\/v2\/media?parent=25"}],"curies":[{"name":"wp","href":"https:\/\/api.w.org\/{rel}","templated":true}]}}