{"id":29,"date":"2015-08-27T09:59:20","date_gmt":"2015-08-27T07:59:20","guid":{"rendered":"http:\/\/wwwdev.duit.loc\/wwwdev9\/?page_id=29"},"modified":"2016-09-05T11:03:42","modified_gmt":"2016-09-05T09:03:42","slug":"ausschreibungen","status":"publish","type":"page","link":"https:\/\/einkaufsportal.duisburg.de\/index.php\/startseite-2\/ausschreibungen\/","title":{"rendered":"Ausschreibungen"},"content":{"rendered":"<p>In diesem Bereich informieren wir \u00fcber aktuelle Ausschreibungen und Bekanntmachungen der Stadt Duisburg, der Duisburger Versorgungs- und Verkehrsgesellschaft mbH, der Wirtschaftsbetriebe Duisburg &#8211; A\u00f6R sowie weiterer st\u00e4dtischer Sonderverm\u00f6gen und Mehrheitsbeteiligungen.<\/p>\n<p>W\u00e4hlen Sie aus dem Men\u00fc links bitte den Bereich aus, der Sie interessiert.<\/p>\n<p>&nbsp;<\/p>\n<p>&nbsp;<\/p>\n<p>&nbsp;<\/p>\n","protected":false},"excerpt":{"rendered":"<p>In diesem Bereich informieren wir \u00fcber aktuelle Ausschreibungen und Bekanntmachungen der Stadt Duisburg, der Duisburger Versorgungs- und Verkehrsgesellschaft mbH, der Wirtschaftsbetriebe Duisburg &#8211; A\u00f6R sowie weiterer st\u00e4dtischer Sonderverm\u00f6gen und Mehrheitsbeteiligungen. W\u00e4hlen Sie aus dem Men\u00fc links bitte den Bereich aus, der Sie interessiert. &nbsp; &nbsp; &nbsp;<\/p>\n","protected":false},"author":1,"featured_media":0,"parent":21,"menu_order":0,"comment_status":"closed","ping_status":"closed","template":"","meta":{"_acf_changed":false,"footnotes":""},"class_list":["post-29","page","type-page","status-publish","hentry"],"acf":[],"_links":{"self":[{"href":"https:\/\/einkaufsportal.duisburg.de\/index.php\/wp-json\/wp\/v2\/pages\/29","targetHints":{"allow":["GET"]}}],"collection":[{"href":"https:\/\/einkaufsportal.duisburg.de\/index.php\/wp-json\/wp\/v2\/pages"}],"about":[{"href":"https:\/\/einkaufsportal.duisburg.de\/index.php\/wp-json\/wp\/v2\/types\/page"}],"author":[{"embeddable":true,"href":"https:\/\/einkaufsportal.duisburg.de\/index.php\/wp-json\/wp\/v2\/users\/1"}],"replies":[{"embeddable":true,"href":"https:\/\/einkaufsportal.duisburg.de\/index.php\/wp-json\/wp\/v2\/comments?post=29"}],"version-history":[{"count":29,"href":"https:\/\/einkaufsportal.duisburg.de\/index.php\/wp-json\/wp\/v2\/pages\/29\/revisions"}],"predecessor-version":[{"id":829,"href":"https:\/\/einkaufsportal.duisburg.de\/index.php\/wp-json\/wp\/v2\/pages\/29\/revisions\/829"}],"up":[{"embeddable":true,"href":"https:\/\/einkaufsportal.duisburg.de\/index.php\/wp-json\/wp\/v2\/pages\/21"}],"wp:attachment":[{"href":"https:\/\/einkaufsportal.duisburg.de\/index.php\/wp-json\/wp\/v2\/media?parent=29"}],"curies":[{"name":"wp","href":"https:\/\/api.w.org\/{rel}","templated":true}]}}