{"id":505,"date":"2016-02-15T07:35:10","date_gmt":"2016-02-15T06:35:10","guid":{"rendered":"http:\/\/wwwdev.duit.loc\/wwwdev9\/?page_id=505"},"modified":"2020-09-17T09:39:48","modified_gmt":"2020-09-17T07:39:48","slug":"beabsichtigte-ausschreibungen","status":"publish","type":"page","link":"https:\/\/einkaufsportal.duisburg.de\/index.php\/startseite-2\/ausschreibungen\/beabsichtigte-ausschreibungen\/","title":{"rendered":"Beabsichtigte Ausschreibungen"},"content":{"rendered":"<p>Bei diesen Ver\u00f6ffentlichungen handelt es sich lediglich um eine Bekanntmachung \u00fcber Beschr\u00e4nkte Ausschreibungen im Rahmen der Ver\u00f6ffentlichungspflicht gem\u00e4\u00df \u00a7 20 Absatz 4 VOB\/A und dem Tariftreue- und Vergabegesetz NRW (TVgG-NRW) und nicht um eine Aufforderung zur Angebotsabgabe.<\/p>\n<p><!-- \n\n\n<div class=\"ausschreibungen\"><script src=\"https:\/\/www.vergabe.metropoleruhr.de\/VMPSatellite\/services\/accessPoint?uid=fd54d7ec-f2ab-4125-a111-859703987a69&amp;callback=writePublicationTable\"><\/script><\/div>\n\n\n--><\/p>\n<div id=\"ausschreibungen\"><\/div>\n","protected":false},"excerpt":{"rendered":"<p>Bei diesen Ver\u00f6ffentlichungen handelt es sich lediglich um eine Bekanntmachung \u00fcber Beschr\u00e4nkte Ausschreibungen im Rahmen der Ver\u00f6ffentlichungspflicht gem\u00e4\u00df \u00a7 20 Absatz 4 VOB\/A und dem Tariftreue- und Vergabegesetz NRW (TVgG-NRW) und nicht um eine Aufforderung zur Angebotsabgabe.<\/p>\n","protected":false},"author":1,"featured_media":0,"parent":29,"menu_order":20,"comment_status":"closed","ping_status":"closed","template":"","meta":{"_acf_changed":false,"footnotes":""},"class_list":["post-505","page","type-page","status-publish","hentry"],"acf":[],"_links":{"self":[{"href":"https:\/\/einkaufsportal.duisburg.de\/index.php\/wp-json\/wp\/v2\/pages\/505","targetHints":{"allow":["GET"]}}],"collection":[{"href":"https:\/\/einkaufsportal.duisburg.de\/index.php\/wp-json\/wp\/v2\/pages"}],"about":[{"href":"https:\/\/einkaufsportal.duisburg.de\/index.php\/wp-json\/wp\/v2\/types\/page"}],"author":[{"embeddable":true,"href":"https:\/\/einkaufsportal.duisburg.de\/index.php\/wp-json\/wp\/v2\/users\/1"}],"replies":[{"embeddable":true,"href":"https:\/\/einkaufsportal.duisburg.de\/index.php\/wp-json\/wp\/v2\/comments?post=505"}],"version-history":[{"count":24,"href":"https:\/\/einkaufsportal.duisburg.de\/index.php\/wp-json\/wp\/v2\/pages\/505\/revisions"}],"predecessor-version":[{"id":1244,"href":"https:\/\/einkaufsportal.duisburg.de\/index.php\/wp-json\/wp\/v2\/pages\/505\/revisions\/1244"}],"up":[{"embeddable":true,"href":"https:\/\/einkaufsportal.duisburg.de\/index.php\/wp-json\/wp\/v2\/pages\/29"}],"wp:attachment":[{"href":"https:\/\/einkaufsportal.duisburg.de\/index.php\/wp-json\/wp\/v2\/media?parent=505"}],"curies":[{"name":"wp","href":"https:\/\/api.w.org\/{rel}","templated":true}]}}