{"id":507,"date":"2016-02-15T07:35:55","date_gmt":"2016-02-15T06:35:55","guid":{"rendered":"http:\/\/wwwdev.duit.loc\/wwwdev9\/?page_id=507"},"modified":"2020-10-05T11:59:39","modified_gmt":"2020-10-05T09:59:39","slug":"507-2","status":"publish","type":"page","link":"https:\/\/einkaufsportal.duisburg.de\/index.php\/startseite-2\/ausschreibungen\/507-2\/","title":{"rendered":"Vergebene Auftr\u00e4ge"},"content":{"rendered":"<p>Bekanntmachung \u00fcber die Vergabe einer Bauleistung nach beschr\u00e4nkter Ausschreibung oder freih\u00e4ndiger Vergabe nach Zuschlagserteilung im Rahmen der Ver\u00f6ffentlichungspflicht gem\u00e4\u00df \u00a7 20 Abs. 3 VOB\/A<\/p>\n<div id=\"ausschreibungen\">\n<!--\n<script src=\"https:\/\/www.vergabe.metropoleruhr.de\/VMPSatellite\/services\/accessPoint?uid=0d1fa040-61c6-4db2-b808-68e8cd51e839&callback=writePublicationTable\"><\/script>\n-->\n<\/div>\n","protected":false},"excerpt":{"rendered":"<p>Bekanntmachung \u00fcber die Vergabe einer Bauleistung nach beschr\u00e4nkter Ausschreibung oder freih\u00e4ndiger Vergabe nach Zuschlagserteilung im Rahmen der Ver\u00f6ffentlichungspflicht gem\u00e4\u00df \u00a7 20 Abs. 3 VOB\/A<\/p>\n","protected":false},"author":1,"featured_media":0,"parent":29,"menu_order":30,"comment_status":"closed","ping_status":"closed","template":"","meta":{"_acf_changed":false,"footnotes":""},"class_list":["post-507","page","type-page","status-publish","hentry"],"acf":[],"_links":{"self":[{"href":"https:\/\/einkaufsportal.duisburg.de\/index.php\/wp-json\/wp\/v2\/pages\/507","targetHints":{"allow":["GET"]}}],"collection":[{"href":"https:\/\/einkaufsportal.duisburg.de\/index.php\/wp-json\/wp\/v2\/pages"}],"about":[{"href":"https:\/\/einkaufsportal.duisburg.de\/index.php\/wp-json\/wp\/v2\/types\/page"}],"author":[{"embeddable":true,"href":"https:\/\/einkaufsportal.duisburg.de\/index.php\/wp-json\/wp\/v2\/users\/1"}],"replies":[{"embeddable":true,"href":"https:\/\/einkaufsportal.duisburg.de\/index.php\/wp-json\/wp\/v2\/comments?post=507"}],"version-history":[{"count":16,"href":"https:\/\/einkaufsportal.duisburg.de\/index.php\/wp-json\/wp\/v2\/pages\/507\/revisions"}],"predecessor-version":[{"id":1249,"href":"https:\/\/einkaufsportal.duisburg.de\/index.php\/wp-json\/wp\/v2\/pages\/507\/revisions\/1249"}],"up":[{"embeddable":true,"href":"https:\/\/einkaufsportal.duisburg.de\/index.php\/wp-json\/wp\/v2\/pages\/29"}],"wp:attachment":[{"href":"https:\/\/einkaufsportal.duisburg.de\/index.php\/wp-json\/wp\/v2\/media?parent=507"}],"curies":[{"name":"wp","href":"https:\/\/api.w.org\/{rel}","templated":true}]}}