{"id":52,"date":"2015-09-18T09:58:56","date_gmt":"2015-09-18T07:58:56","guid":{"rendered":"http:\/\/wwwdev.duit.loc\/wwwdev9\/?page_id=52"},"modified":"2025-12-08T06:55:37","modified_gmt":"2025-12-08T05:55:37","slug":"ansprechpartner-deg","status":"publish","type":"page","link":"https:\/\/einkaufsportal.duisburg.de\/indexphp\/startseite-2\/einkaufsnetzwerk\/einkaufsorganisation\/ansprechpartner-deg\/","title":{"rendered":"Ansprechpartner DEG"},"content":{"rendered":"<p>Die DEG Duisburger Einkaufsgesellschaft mbH agiert organisations- und branchen\u00fcbergreifend im Konzernverbund der Stadt Duisburg sowie in der Optimierung der Beschaffung von Bauleistungen in der Kernverwaltung, den Eigengesellschaften und den eigenbetriebs\u00e4hnlichen Einrichtungen der Stadt. Sie hilft den Organisationseinheiten bei der Bew\u00e4ltigung des notwendigen technischen, sozialen und wirtschaftlichen Wandels und unterst\u00fctzt durch die Optimierung der Beschaffungsprozesse im Konzern Stadt Duisburg das Ziel, den st\u00e4dtischen Haushalt zu st\u00e4rken.<\/p>\n<p><div class=\"panel-group accordion-contacts\" id=\"oscitas-accordion-0\">        <div class=\"panel panel-default\">\n            <div class=\"panel-heading\">\n              <h4 class=\"panel-title\">\n                <a class=\"accordion-toggle collapsed\" data-toggle=\"collapse\"\n                data-parent=\"#oscitas-accordion-0\"\n                href=\"#details-0-0\">\n                Gesch\u00e4ftsf\u00fchrung\n                <\/a>\n              <\/h4>\n            <\/div>\n            <div id=\"details-0-0\" class=\"panel-collapse collapse in\">\n              <div class=\"panel-body\"><\/p>\n<ul>\n<li><strong>Ute Johanna K\u00fcppers<\/strong><\/li>\n<li>Gesch\u00e4ftsf\u00fchrerin<\/li>\n<li>0203 283-94916<\/li>\n<li><a href=\"u [dot] kueppers [at] stadt-duisburg [dot] de\">Kontakt per Mail<\/a><\/li>\n<\/ul>\n<ul>\n<li><strong>Carsten Saffran<\/strong><\/li>\n<li>Gesch\u00e4ftsf\u00fchrer<\/li>\n<li>0203 604-3760<\/li>\n<li><a href=\"javascript:secureDecryptAndNavigate('VCm6o3WrJ22rjs5OG1dM\/PUFi9OAdsJveAVhvDFoxcPpK3LczSibe3YyxLNBRRR3Fas\/PPEJvNj1xYSzOf+xVrq7WjOsXIOUWTA1c2\/M9Q4=', '607a61a4f21c7b08c8289208d825e4ec6b6483684e22a36f3711ad4e9110f41b')\">Kontakt per Mail<\/a><\/li>\n<\/ul>\n<ul>\n<li><strong>Mirco Wagner<\/strong><\/li>\n<li>Gesch\u00e4ftsf\u00fchrer<\/li>\n<li>0203 283-7925<\/li>\n<li><a href=\"javascript:secureDecryptAndNavigate('iVwU\/G0j\/+7MKi2H0mY4FDLchmxtGBPdI0zEO0g8qQsLxi44X5OWvauR8qKzalPA8Oo\/xm63cwbO\/MriKrE2xMS8\/Db0SWofARQ4Bw46', '607a61a4f21c7b08c8289208d825e4ec6b6483684e22a36f3711ad4e9110f41b')\">Kontakt per Mail<\/a><\/li>\n<\/ul>\n<p><\/div>\n            <\/div>\n        <\/div>        <div class=\"panel panel-default\">\n            <div class=\"panel-heading\">\n              <h4 class=\"panel-title\">\n                <a class=\"accordion-toggle collapsed\" data-toggle=\"collapse\"\n                data-parent=\"#oscitas-accordion-0\"\n                href=\"#details-0-1\">\n                Rechnungswesen, Controlling und Assistenz\n                <\/a>\n              <\/h4>\n            <\/div>\n            <div id=\"details-0-1\" class=\"panel-collapse collapse \">\n              <div class=\"panel-body\"><\/p>\n<ul>\n<li><strong>Dennis Prenger<\/strong><\/li>\n<li>Einkaufscontroller<\/li>\n<li>0203 604-2361<\/li>\n<li><a href=\"javascript:secureDecryptAndNavigate('0NpbcKB7iHxXcBZtwdqGJPUwGQQB9fKr3QAreVBzFsl4bYxmB9FLlCIw7JgL4qvQ03HgaTT\/K8pKxx3w4cGNiQ5R\/Z9GI2Y\/F2LmTynbmB8=', '607a61a4f21c7b08c8289208d825e4ec6b6483684e22a36f3711ad4e9110f41b')\">Kontakt per Mail<\/a><\/li>\n<\/ul>\n<ul>\n<li><strong>Annette Mill<\/strong><\/li>\n<li>Assistenz der Gesch\u00e4ftsf\u00fchrung<\/li>\n<li>0203 604-3604<\/li>\n<li><a href=\"javascript:secureDecryptAndNavigate('P1MYCgMX1C8GG+hv2rcyQQyURUn0YpMsqOxTqWufMONBs1K\/lTEh\/G4QAAwcdA9Z\/oTnIGkp43vTDAm1r+bdc4xZPcQ2jwqiSZFGfc4=', '607a61a4f21c7b08c8289208d825e4ec6b6483684e22a36f3711ad4e9110f41b')\">Kontakt per Mail<\/a><\/li>\n<\/ul>\n<ul>\n<li><strong>Andreas Duda<\/strong><\/li>\n<li>Controlling und Projekte<\/li>\n<li>0203 283-4685<\/li>\n<li><a href=\"javascript:secureDecryptAndNavigate('VFwd\/GFXrmv64fhuh\/rTuJEDoTnTbr\/d6mW9osaQZ6mnHgJOeEKYzDfwr\/CpS6vQZ0ayxQ1up2lKJ3qOser\/Eg9Z2ErdoCp3+VzXAAsMFw==', '607a61a4f21c7b08c8289208d825e4ec6b6483684e22a36f3711ad4e9110f41b')\">Kontakt per Mail<\/a><\/li>\n<\/ul>\n<ul>\n<li><b>Carsten Thier<\/b><\/li>\n<li>Rechnungswesen und Controlling<\/li>\n<li>0203 604-1938<\/li>\n<li><u><a href=\"Mailto:Thier [at] dvv [dot] de\">Kontakt per Mail<\/a><\/u><\/li>\n<\/ul>\n<p><\/div>\n            <\/div>\n        <\/div>        <div class=\"panel panel-default\">\n            <div class=\"panel-heading\">\n              <h4 class=\"panel-title\">\n                <a class=\"accordion-toggle collapsed\" data-toggle=\"collapse\"\n                data-parent=\"#oscitas-accordion-0\"\n                href=\"#details-0-2\">\n                IT-Koordination Lieferantenanwendungen\n                <\/a>\n              <\/h4>\n            <\/div>\n            <div id=\"details-0-2\" class=\"panel-collapse collapse \">\n              <div class=\"panel-body\"><\/p>\n<ul>\n<li><b><strong>Dirk Tappert<\/strong><\/b><\/li>\n<li>IT-Koordinator<\/li>\n<li>0203 604-3650<\/li>\n<li><u><a href=\"javascript:secureDecryptAndNavigate('dfKd45pupfPQ6i9KUC6OCkiN7PimVADtJ6ot4n5EH\/V2zMLys6o3AlmBh6Lq7GDVakJLLEOFOcEWmMPnfyNAPdZ23Gku4hC8SSAtLlkYVZY=', '607a61a4f21c7b08c8289208d825e4ec6b6483684e22a36f3711ad4e9110f41b')\">Kontakt per Mail<\/a><\/u><\/li>\n<\/ul>\n<ul>\n<li><strong>Roman Gawron<\/strong><\/li>\n<li>IT-Koordinator<\/li>\n<li>0203 283-7992<\/li>\n<li><a href=\"javascript:secureDecryptAndNavigate('ptSct1Z5JlvTK\/gtiBYG4zflPSxaCzqPqUYGF1jtzs5+dqM8DDxZqzLJkvjAl08BaGtq1emW2CTGVqA0ele1PnBTTRic6VQCXDQLZI5L', '607a61a4f21c7b08c8289208d825e4ec6b6483684e22a36f3711ad4e9110f41b')\">Kontakt per Mail<\/a><\/li>\n<\/ul>\n<p><\/div>\n            <\/div>\n        <\/div>        <div class=\"panel panel-default\">\n            <div class=\"panel-heading\">\n              <h4 class=\"panel-title\">\n                <a class=\"accordion-toggle collapsed\" data-toggle=\"collapse\"\n                data-parent=\"#oscitas-accordion-0\"\n                href=\"#details-0-3\">\n                Strategischer Einkauf\n                <\/a>\n              <\/h4>\n            <\/div>\n            <div id=\"details-0-3\" class=\"panel-collapse collapse \">\n              <div class=\"panel-body\"><\/p>\n<ul>\n<li><strong>Andreas Baldus<\/strong><\/li>\n<li>Technischer Eink\u00e4ufer<\/li>\n<li>0203 604-3543<\/li>\n<li><a href=\"javascript:secureDecryptAndNavigate('aSQMRvO9m\/u1cKQ7QZOWjUrTkRl0iPAjcFajE4Bs0j98Hl11hpAsvL4GcKvQlyj8ZL5oRPNlwFcdOxX+1dz76FWR8zBeK5QJTH1ONuQq6Q==', '607a61a4f21c7b08c8289208d825e4ec6b6483684e22a36f3711ad4e9110f41b')\">Kontakt per Mail<\/a><\/li>\n<\/ul>\n<ul>\n<li><strong>Timm Schwend<\/strong><\/li>\n<li>Strategischer Eink\u00e4ufer<\/li>\n<li>0203 283-4390<\/li>\n<li><a href=\"javascript:secureDecryptAndNavigate('to2hiJLrX9ilv7QtqcYo4\/g4eEFrILg5YB8CbHzL0IdabSKkaX1EGt+dWS1YYRQelHaFNVlWRewdRlNbqTzmQ9tkGh\/C3a1Feavdi3SNgQ==', '607a61a4f21c7b08c8289208d825e4ec6b6483684e22a36f3711ad4e9110f41b')\">Kontakt per Mail<\/a><\/li>\n<\/ul>\n<ul>\n<li><b><strong>Christian Kibat<\/strong><\/b><\/li>\n<li>Strategischer Eink\u00e4ufer<\/li>\n<li>0203 604-3399<\/li>\n<li><u><a href=\"javascript:secureDecryptAndNavigate('+0gDMcIO2glGsRRB5KK7QrjxheFvpmlHezv67Swba7xHW7DL0tTs41T7v3E83AAGITFku3D1GKi5Zvb\/6EZvLLuIFfINW1trvVJXvSqw', '607a61a4f21c7b08c8289208d825e4ec6b6483684e22a36f3711ad4e9110f41b')\">Kontakt per Mail<\/a><\/u><\/li>\n<\/ul>\n<ul>\n<li><strong>Andreas Reyer<\/strong><\/li>\n<li>Strategischer Eink\u00e4ufer<\/li>\n<li>0203 283-4052<\/li>\n<li><u><a href=\"javascript:secureDecryptAndNavigate('Rr3fukm8AjZcd6cCR7jYCTpTvrdwCH+teJL7rKhFIVlzw6meWkhItko7CyFwrxcOnFCrHvWaIs83TcAE2YGIm6H3t+M2J43E8AOnYjc=', '607a61a4f21c7b08c8289208d825e4ec6b6483684e22a36f3711ad4e9110f41b')\">Kontakt per Mail<\/a><\/u><\/li>\n<\/ul>\n<ul>\n<li><b>Mara Andersohn<\/b><\/li>\n<li>Strategische Eink\u00e4uferin<\/li>\n<li>0203 604-3004<\/li>\n<li><a href=\"javascript:secureDecryptAndNavigate('EJk4IipSrYuyAlfK9BmUU6myfM63TfDHDLelWaqjYbRfgjZzIf2nSwHEsH3cRhrCIKNAze0YSrM1HASJdc2tN4YSknTRdEyDstUKxyV+', '607a61a4f21c7b08c8289208d825e4ec6b6483684e22a36f3711ad4e9110f41b')\">Kontakt per Mail<\/a><\/div>\n            <\/div>\n        <\/div><\/div><\/li>\n<\/ul>\n\n\n<p><\/p>\n","protected":false},"excerpt":{"rendered":"<p>Die DEG Duisburger Einkaufsgesellschaft mbH agiert organisations- und branchen\u00fcbergreifend im Konzernverbund der Stadt Duisburg sowie in der Optimierung der Beschaffung von Bauleistungen in der Kernverwaltung, den Eigengesellschaften und den eigenbetriebs\u00e4hnlichen Einrichtungen der Stadt. Sie hilft den Organisationseinheiten bei der Bew\u00e4ltigung des notwendigen technischen, sozialen und wirtschaftlichen Wandels und unterst\u00fctzt durch die Optimierung der Beschaffungsprozesse im [&hellip;]<\/p>\n","protected":false},"author":1,"featured_media":0,"parent":50,"menu_order":0,"comment_status":"closed","ping_status":"closed","template":"","meta":{"_acf_changed":false,"footnotes":""},"class_list":["post-52","page","type-page","status-publish","hentry"],"acf":[],"_links":{"self":[{"href":"https:\/\/einkaufsportal.duisburg.de\/index.php\/wp-json\/wp\/v2\/pages\/52","targetHints":{"allow":["GET"]}}],"collection":[{"href":"https:\/\/einkaufsportal.duisburg.de\/index.php\/wp-json\/wp\/v2\/pages"}],"about":[{"href":"https:\/\/einkaufsportal.duisburg.de\/index.php\/wp-json\/wp\/v2\/types\/page"}],"author":[{"embeddable":true,"href":"https:\/\/einkaufsportal.duisburg.de\/index.php\/wp-json\/wp\/v2\/users\/1"}],"replies":[{"embeddable":true,"href":"https:\/\/einkaufsportal.duisburg.de\/index.php\/wp-json\/wp\/v2\/comments?post=52"}],"version-history":[{"count":46,"href":"https:\/\/einkaufsportal.duisburg.de\/index.php\/wp-json\/wp\/v2\/pages\/52\/revisions"}],"predecessor-version":[{"id":1632,"href":"https:\/\/einkaufsportal.duisburg.de\/index.php\/wp-json\/wp\/v2\/pages\/52\/revisions\/1632"}],"up":[{"embeddable":true,"href":"https:\/\/einkaufsportal.duisburg.de\/index.php\/wp-json\/wp\/v2\/pages\/50"}],"wp:attachment":[{"href":"https:\/\/einkaufsportal.duisburg.de\/index.php\/wp-json\/wp\/v2\/media?parent=52"}],"curies":[{"name":"wp","href":"https:\/\/api.w.org\/{rel}","templated":true}]}}