{"id":54,"date":"2015-09-18T09:59:25","date_gmt":"2015-09-18T07:59:25","guid":{"rendered":"http:\/\/wwwdev.duit.loc\/wwwdev9\/?page_id=54"},"modified":"2025-12-08T10:43:41","modified_gmt":"2025-12-08T09:43:41","slug":"ansprechpartner-dvv","status":"publish","type":"page","link":"https:\/\/einkaufsportal.duisburg.de\/indexphp\/startseite-2\/einkaufsnetzwerk\/einkaufsorganisation\/ansprechpartner-dvv\/","title":{"rendered":"Ansprechpartner DVV"},"content":{"rendered":"<p>Der Einkauf der Duisburger Versorgungs- und Verkehrsgesellschaft mbH (DVV) beschafft zentral Materialien und Dienstleistungen aus einem weitgef\u00e4cherten Warenspektrum f\u00fcr alle Gesellschaften des DVV-Konzerns, insbesondere f\u00fcr die Stadtwerke Duisburg AG, die Netze Duisburg GmbH, die Duisburger Verkehrsgesellschaft AG und die octeo Multiservices GmbH.<\/p>\n<div class=\"panel-group accordion-contacts\" id=\"oscitas-accordion-0\">        <div class=\"panel panel-default\">\n            <div class=\"panel-heading\">\n              <h4 class=\"panel-title\">\n                <a class=\"accordion-toggle collapsed\" data-toggle=\"collapse\"\n                data-parent=\"#oscitas-accordion-0\"\n                href=\"#details-0-0\">\n                Leitung Materialwirtschaft der DVV\n                <\/a>\n              <\/h4>\n            <\/div>\n            <div id=\"details-0-0\" class=\"panel-collapse collapse in\">\n              <div class=\"panel-body\"><\/p>\n<ul>\n<li><strong>Carsten Saffran<\/strong><\/li>\n<li>Abteilungsleiter<\/li>\n<li>0203 604-3760<\/li>\n<li><a href=\"javascript:secureDecryptAndNavigate('8FV86Ao7g9\/EgeV\/LHlcQ3st8N\/\/hE9rAI4sbrwJ7fzqFnvRTkupTdG+qM\/dcHP09m\/CyQhkMcq9Aebm3+9RTOPz++s4', '607a61a4f21c7b08c8289208d825e4ec6b6483684e22a36f3711ad4e9110f41b')\">Kontakt per Mail<\/a><\/li>\n<\/ul>\n<ul>\n<li><strong>Sebastian Birk<\/strong><\/li>\n<li>Teamleiter Einkauf<\/li>\n<li>0203 604-2453<\/li>\n<li><a href=\"javascript:secureDecryptAndNavigate('LM1IeBsschepW3p1Xah7MxoKECZFRl9kIkzhTkNq5fwrlsO7WVybtTH72CSTifAfmRzOE80WEg09Wqqjl0iUNC1VTQ==', '607a61a4f21c7b08c8289208d825e4ec6b6483684e22a36f3711ad4e9110f41b')\">Kontakt per Mail<\/a><\/li>\n<\/ul>\n<ul>\n<li><strong>Stefanie Kannengie\u00dfer<\/strong><\/li>\n<li>Teamleiterin Kreditorenbuchhaltung<\/li>\n<li>0203 604-1549<\/li>\n<li><a href=\"javascript:secureDecryptAndNavigate('srelBEt9ojVEeNzfUJM0s+cIB6EOp9PLPo+pxbVYg6sI8AKZ3Lphlmnm2WqW2eTnuvzA\/XNzQjMmCJWPQAAzNEqqUjIHHdiD7Gk=', '607a61a4f21c7b08c8289208d825e4ec6b6483684e22a36f3711ad4e9110f41b')\">Kontakt per Mail<\/a><\/li>\n<\/ul>\n<p><\/div>\n            <\/div>\n        <\/div>        <div class=\"panel panel-default\">\n            <div class=\"panel-heading\">\n              <h4 class=\"panel-title\">\n                <a class=\"accordion-toggle collapsed\" data-toggle=\"collapse\"\n                data-parent=\"#oscitas-accordion-0\"\n                href=\"#details-0-1\">\n                Spezialist Einkauf und Einkaufssysteme\n                <\/a>\n              <\/h4>\n            <\/div>\n            <div id=\"details-0-1\" class=\"panel-collapse collapse \">\n              <div class=\"panel-body\"><\/p>\n<ul>\n<li><strong>Dirk Tappert<\/strong><\/li>\n<li>Spezialist Einkauf u. Einkaufsprozesse<\/li>\n<li>0203 604-3650<\/li>\n<li><a href=\"javascript:secureDecryptAndNavigate('jYh3OH\/TYk\/CkTjNi8JFH3lVbvnKQjDaa+AS9TyVJyp3TR+I9+Vqsz2qbgzc1jynnRkkc9D0bToqFvnK06CI0fG5WbMS', '607a61a4f21c7b08c8289208d825e4ec6b6483684e22a36f3711ad4e9110f41b')\">Kontakt per Mail<\/a><\/li>\n<\/ul>\n<ul>\n<li><strong>Bj\u00f6rn Vollnhals<\/strong><\/li>\n<li>Spezialist Einkauf u. Einkaufsprozesse<\/li>\n<li>0203 604-4433<\/li>\n<li><a href=\"javascript:secureDecryptAndNavigate('k0Kf0uS55p2OlEIYRzfaB5QE2VzRdDayA3f8n0Xphjgh+FXO\/JKjK0N4YiW\/wl+UWUYMfA0CdfmhRwneC5MmiMlBRsWp\/T4=', '607a61a4f21c7b08c8289208d825e4ec6b6483684e22a36f3711ad4e9110f41b')\">Kontakt per Mail<\/a> <\/div>\n            <\/div>\n        <\/div>        <div class=\"panel panel-default\">\n            <div class=\"panel-heading\">\n              <h4 class=\"panel-title\">\n                <a class=\"accordion-toggle collapsed\" data-toggle=\"collapse\"\n                data-parent=\"#oscitas-accordion-0\"\n                href=\"#details-0-2\">\n                Anlagentechnik\/Technische Gase\n                <\/a>\n              <\/h4>\n            <\/div>\n            <div id=\"details-0-2\" class=\"panel-collapse collapse \">\n              <div class=\"panel-body\"><\/p>\n<ul>\n<li>Netztechnische Systeme Stromverteilung, Instandhaltung\/Material netztechn. Systeme u. Komponenten, Leistungen Elektroladestationen\/ Material Elektroladestationen<\/li>\n<li><b>Sarah Sturm<\/b><\/li>\n<li>0203 604-2882<\/li>\n<li><a href=\"javascript:secureDecryptAndNavigate('v2RXncTEiI4\/Gfo4w\/JbYJqhbDRpcgVlILjbl2ILaMbm\/akzOdMTGAM8oKWNpNPqbHaOHZa1Ou3k7\/uDKY9gpDqlM0I=', '607a61a4f21c7b08c8289208d825e4ec6b6483684e22a36f3711ad4e9110f41b')\">Kontakt per Mail<\/a><\/li>\n<\/ul>\n<ul>\n<li>Messtechnische Systeme und Komponenten und Leistungen, Materialien zum Betrieb industrietechn. Anlagen<\/li>\n<li><b>Joachim van Akelijen\u00a0<\/b><\/li>\n<li>0203 604-2338<\/li>\n<li><a href=\"javascript:secureDecryptAndNavigate('gbW2Ln74pd7J4Ohb8V9HvKVmu802odtw2Feu1gKiUYiCiBISMoeBWXliXgzGKMrRUU4HuXrSmrG7QWZef2UCrQPlxDGxrwjHzQ==', '607a61a4f21c7b08c8289208d825e4ec6b6483684e22a36f3711ad4e9110f41b')\">Kontakt per Mail<\/a><\/li>\n<\/ul>\n<ul>\n<li>Projekteinkauf industrietechnische Anlagen<\/li>\n<li><b>Bianca Forytarczyk<\/b><\/li>\n<li>0203 604-2765<\/li>\n<li><a href=\"javascript:secureDecryptAndNavigate('Od4oOldUxJqstakLGeF0ERTNbqEWtI0lJM8iXIcQ1ITiaTilwMJuNSf0QlXB76fM2UkxNGDoQojewu9GmExZjAd1HyB2cZzzEQ==', '607a61a4f21c7b08c8289208d825e4ec6b6483684e22a36f3711ad4e9110f41b')\">Kontakt per Mail<\/a><\/li>\n<\/ul>\n<ul>\n<li>Instandhaltung und Wartung industrietechnischer Anlagen, Technische Gase<\/li>\n<li><b>Svenja Nabbefeld<\/b><\/li>\n<li>0203 604-2781<\/li>\n<li><a href=\"javascript:secureDecryptAndNavigate('CvnnQ44+6oNYPDp7HNFClsFDkcZaAZjb6xXrRMrbiyoTBPKqnUTlEpKN6Rdsa6S8Y7bUo350RFPhHh3rO4nWrUV2lPFk8WPG', '607a61a4f21c7b08c8289208d825e4ec6b6483684e22a36f3711ad4e9110f41b')\">Kontakt per Mail<\/a><\/li>\n<\/ul>\n<p><\/div>\n            <\/div>\n        <\/div>        <div class=\"panel panel-default\">\n            <div class=\"panel-heading\">\n              <h4 class=\"panel-title\">\n                <a class=\"accordion-toggle collapsed\" data-toggle=\"collapse\"\n                data-parent=\"#oscitas-accordion-0\"\n                href=\"#details-0-3\">\n                Baubereich f\u00fcr Tief, Rohr, Gleis, Stahl, Ger\u00fcst, Dach, Stra\u00dfe, Garten\n                <\/a>\n              <\/h4>\n            <\/div>\n            <div id=\"details-0-3\" class=\"panel-collapse collapse \">\n              <div class=\"panel-body\"><\/p>\n<ul>\n<li>Tiefbau, Rohrleitungsbau, Beton, Stahlbau\/Stahlbeton, Mauerarbeiten, Absicherung v. Baustellen, Abbruch- R\u00fcck und Sanierungsarbeiten, Ger\u00fcstarbeiten und Stra\u00dfenbau<\/li>\n<li><b>Bianca Forytarczyk<\/b><\/li>\n<li>0203 604-2765<\/li>\n<li><a href=\"javascript:secureDecryptAndNavigate('Tv6XlmQsBlElLtw0Ug\/pn9oFLHRa6bBxYUAsyXTZ+gLeY9EYqldBMbSUL84mt5Kw0n9BMLIhZgQ20e2f\/bv1zwgCh0LpVy5n6g==', '607a61a4f21c7b08c8289208d825e4ec6b6483684e22a36f3711ad4e9110f41b')\">Kontakt per Mail<\/a><\/li>\n<\/ul>\n<ul>\n<li>Gleisbauarbeiten, Material Gleisbau<\/li>\n<li><b>Jennifer M\u00f6llensiepen<\/b><\/li>\n<li>0203 604-2268<\/li>\n<li><a href=\"javascript:secureDecryptAndNavigate('2JOc\/bTmbr9hx12UDiVqUKBU4S0p2WlLhaasEY9mj4TxBMg0gHYILwVK\/1zl1AjQVCh8kIN+TZZxnYP06olo60mX8BD7cQ==', '607a61a4f21c7b08c8289208d825e4ec6b6483684e22a36f3711ad4e9110f41b')\">Kontakt per Mail<\/a><\/li>\n<\/ul>\n<ul>\n<li>Verbindungstechnik &#8211; Amaturen, Schl\u00e4uche, Rohre<\/li>\n<li><span style=\"color: #000000;\"><b>Svenja Nabbefeld<\/b><\/span><\/li>\n<li>0203 604-2781<\/li>\n<li><a href=\"javascript:secureDecryptAndNavigate('Ho+EsA7KtgroilNR0QPltRSIxZ\/B2XhFQuy5DVqcuWICdOxc3yyWyoiVp41+7Rn8P9oYdftfmUsaMqQFdR7ca47CBo0npj8f', '607a61a4f21c7b08c8289208d825e4ec6b6483684e22a36f3711ad4e9110f41b')\">Kontakt per Mail<\/a><\/li>\n<\/ul>\n<ul>\n<li>Dachdeckungs- Abdichtungsarbeiten, Stra\u00dfenbeleuchtung und Material, Tor- und Fensterbau,<\/li>\n<li><span style=\"background-color: #ffffff; color: #000000;\"><b>Sarah Sturm<\/b><\/span><\/li>\n<li>0203 604-2882<\/li>\n<li><a href=\"javascript:secureDecryptAndNavigate('ftNNYZHMmkbnBZ6QrQVO2gFUp0FjZNUhPwOAoTq0bUioALQupfX74S6jbhW5ZV9EjS0wWH2pVoi3cSVZSOWSS9o\/E78=', '607a61a4f21c7b08c8289208d825e4ec6b6483684e22a36f3711ad4e9110f41b')\">Kontakt per Mail<\/a><\/li>\n<\/ul>\n<ul>\n<li>Baumaterial<\/li>\n<li><span style=\"background-color: #ffffff; color: #000000;\"><b>Christina Freise<\/b><\/span><\/li>\n<li>0203 604-2866<\/li>\n<li><a href=\"javascript:secureDecryptAndNavigate('6pr8Rh8KdkAL5U9DICQEPCMHEjiSl\/oyWgKzkJxEXfVSsVmS2SiziDqpiv2kGOAwnWu82vYy7u5VP1SrC\/CmIjChem0=', '607a61a4f21c7b08c8289208d825e4ec6b6483684e22a36f3711ad4e9110f41b')\">Kontakt per Mail<\/a><\/li>\n<\/ul>\n<ul>\n<li>Leistungen und Material Garten- Landschaftsbau<\/li>\n<li><span style=\"color: #000000;\"><b>Janina Steinlein<\/b><\/span><\/li>\n<li>0203 604-3645<\/li>\n<li><a href=\"javascript:secureDecryptAndNavigate('z4+meA+2vyHbaMFlCkspzwBxX2QCvjTRJaYcvpJ0ny098TwytaUEMvi9CPnlxvmqb+smHpTLEtstq1z5j245vdhSzd0uMhk=', '607a61a4f21c7b08c8289208d825e4ec6b6483684e22a36f3711ad4e9110f41b')\">Kontakt per Mail<\/a><\/li>\n<\/ul>\n<p><\/div>\n            <\/div>\n        <\/div>        <div class=\"panel panel-default\">\n            <div class=\"panel-heading\">\n              <h4 class=\"panel-title\">\n                <a class=\"accordion-toggle collapsed\" data-toggle=\"collapse\"\n                data-parent=\"#oscitas-accordion-0\"\n                href=\"#details-0-4\">\n                Beratung und Marketing\n                <\/a>\n              <\/h4>\n            <\/div>\n            <div id=\"details-0-4\" class=\"panel-collapse collapse \">\n              <div class=\"panel-body\"><\/p>\n<ul>\n<li>Beratungsleistung f\u00fcr Steuer\/Rechts- und Wirtschaftsberatung<\/li>\n<li><span style=\"background-color: #ffffff; color: #000000;\"><b>Ferdi Saliver<\/b><\/span><\/li>\n<li>0203 604-2747<\/li>\n<li><a href=\"javascript:secureDecryptAndNavigate('zKaSKqdMVAtZ2iW2e5+H6NPwRXSXctQlaBEGO1Xz5Hh1SfYugDCGUk7CFWCz8h25XDwfEokhzjGM4zxs4f9d1ZHaF7TV', '607a61a4f21c7b08c8289208d825e4ec6b6483684e22a36f3711ad4e9110f41b')\">Kontakt per Mail<\/a><\/li>\n<\/ul>\n<ul>\n<li>Ingeneurleistungen, Entwicklungs- und Planungsleistungen, Gutachterleistungen (au\u00dfer Fahrzeuge) Untersuchung, Labor- und Pr\u00fcfdienstleistungen<\/li>\n<li><b>Svenja Nabbefeld<\/b><\/li>\n<li>0203 604-2781<\/li>\n<li><a href=\"javascript:secureDecryptAndNavigate('N3zI3Rv6UbxSoekz24q2ety15+pBfj5tcXTPrRsQD845qU1P1drF6uo7pzRr04q7YSd+nXryTbihzNI92ud\/uSppIj9HVtZN', '607a61a4f21c7b08c8289208d825e4ec6b6483684e22a36f3711ad4e9110f41b')\">Kontakt per Mail<\/a><\/li>\n<\/ul>\n<ul>\n<li>Marketing und Material f\u00fcr Marketingzwecke, Sponsoring, Call-Center, Kreativleistung<\/li>\n<li><b>Ferdi Saliver<\/b><\/li>\n<li>0203 604-2747<\/li>\n<li><a href=\"javascript:secureDecryptAndNavigate('ThaxJFCli22uCYws3eJmR72Bqkf5eTT1XYzxbzEDbt9D0oRmsXzDi2o5W80R2sKQXw0Rdw+M6RUksZ0NNUNk+KRYwUPi', '607a61a4f21c7b08c8289208d825e4ec6b6483684e22a36f3711ad4e9110f41b')\">Kontakt per Mail<\/a><\/li>\n<\/ul>\n<p><\/div>\n            <\/div>\n        <\/div>        <div class=\"panel panel-default\">\n            <div class=\"panel-heading\">\n              <h4 class=\"panel-title\">\n                <a class=\"accordion-toggle collapsed\" data-toggle=\"collapse\"\n                data-parent=\"#oscitas-accordion-0\"\n                href=\"#details-0-5\">\n                C-Teile\n                <\/a>\n              <\/h4>\n            <\/div>\n            <div id=\"details-0-5\" class=\"panel-collapse collapse \">\n              <div class=\"panel-body\"><\/p>\n<ul>\n<li>Werkstattbedarf, Betriebsausstattung, Werkzeuge (Leistung)<\/li>\n<li><span style=\"background-color: #ffffff; color: #000000;\"><b>Peter Buttenbruch<\/b><\/span><\/li>\n<li>0203 604-2705<\/li>\n<li><a href=\"javascript:secureDecryptAndNavigate('SZiz8mwrEfDCNWuAvMjWrv4KyPO\/hPRHLGFPFToreEVSUJZxuDpH3mJSNg0DIcsjboolSLWqNVTm4zGYRA7RHQfhCk1LpEquYg==', '607a61a4f21c7b08c8289208d825e4ec6b6483684e22a36f3711ad4e9110f41b')\">Kontakt per Mail<\/a><\/li>\n<\/ul>\n<ul>\n<li>Arbeitskleidung u. a. f\u00fcr Arbeitssicherheit- u. Unfallschutz, B\u00fcrobedarf, B\u00fcroeinrichtung, B\u00fcrotechnik, Papeterie, Leistungen im Umfeld von K\u00fcchen und Kantinen, Chemikalien, Reinigungsmaschinen- u. Reinigungsmittel, Hauswirtschaft, Labormaterial- u. Laboreinrichtung, Lebensmittel (dezentral \u00fcber Kantine), Medinzin- u. Medizintechnik, Werkstoffe wie Halbzeug, Schrauben u. Dichtungen<\/li>\n<li><span style=\"background-color: #ffffff; color: #000000;\"><b>Christina Freise<\/b><\/span><\/li>\n<li>0203 604-2866<\/li>\n<li><a href=\"javascript:secureDecryptAndNavigate('7JtyQBYgUyxD9YX4amnCTEWK1g1bD1komgl9TJIrAt\/QzNedjbjeZcNpELpQ8+bPK36IP5280xEYcbaJF1DUnyGWEoY=', '607a61a4f21c7b08c8289208d825e4ec6b6483684e22a36f3711ad4e9110f41b')\">Kontakt per Mail<\/a><\/li>\n<\/ul>\n<p><\/div>\n            <\/div>\n        <\/div>        <div class=\"panel panel-default\">\n            <div class=\"panel-heading\">\n              <h4 class=\"panel-title\">\n                <a class=\"accordion-toggle collapsed\" data-toggle=\"collapse\"\n                data-parent=\"#oscitas-accordion-0\"\n                href=\"#details-0-6\">\n                Fahrzeuge\n                <\/a>\n              <\/h4>\n            <\/div>\n            <div id=\"details-0-6\" class=\"panel-collapse collapse \">\n              <div class=\"panel-body\"><\/p>\n<ul>\n<li>Logistikleistungen, Fahrzeuge, Ersatzteile, Fahrzeugtechnik, Fahrzeugleasing (\u00fcber Fuhrparkmanagement), Kraftstoffe und Schmierstoffe f\u00fcr Fahrzeuge, Stra\u00dfenfahrzeug<\/li>\n<li><span style=\"color: #000000;\"><b>Janina Steinlein<\/b><\/span><\/li>\n<li>0203 604-3645<\/li>\n<li><a href=\"javascript:secureDecryptAndNavigate('KwVJ69ksqGTz4QyWln7TYXGy+xs3xRshu72ZKME0lH6izFJjiGwfZxtGA6sVtHjI\/X+Sj4MgxOOkRMnu+\/TFuThB9M+KF+Q=', '607a61a4f21c7b08c8289208d825e4ec6b6483684e22a36f3711ad4e9110f41b')\">Kontakt per Mail<\/a><\/li>\n<\/ul>\n<ul>\n<li>Schienenfahrzeuge &#8211; Spurgebunden (Instandhaltung), Spezif. L\u00f6sung im Bereich Personenverkehr, Haltestellenausr\u00fcstung, Ticketautomaten<\/li>\n<li><b>Jennifer M\u00f6llensiepen<\/b><\/li>\n<li>0203 604-2268<\/li>\n<li><a href=\"javascript:secureDecryptAndNavigate('iJBfFVrYewmL1\/+RFk3o\/b5Owa\/Q42Y4qJxqbH\/69seKWYzgfT0FPtRYXmDPKghXEJscLYyoQk0kVuMu6v3\/ixHiyPP8ww==', '607a61a4f21c7b08c8289208d825e4ec6b6483684e22a36f3711ad4e9110f41b')\">Kontakt per Mail<\/a><\/li>\n<\/ul>\n<p><\/div>\n            <\/div>\n        <\/div>        <div class=\"panel panel-default\">\n            <div class=\"panel-heading\">\n              <h4 class=\"panel-title\">\n                <a class=\"accordion-toggle collapsed\" data-toggle=\"collapse\"\n                data-parent=\"#oscitas-accordion-0\"\n                href=\"#details-0-7\">\n                Geb\u00e4udeinstandhaltung\n                <\/a>\n              <\/h4>\n            <\/div>\n            <div id=\"details-0-7\" class=\"panel-collapse collapse \">\n              <div class=\"panel-body\"><\/p>\n<ul>\n<li>Serviceleistungen f\u00fcr Gr\u00fcnpflege, Entsorgungs-, Sicherheits- und Reinigungsleistungen<\/li>\n<li><b>Joachim van Akelijen\u00a0<\/b><\/li>\n<li>0203 604-2338<\/li>\n<li><a href=\"javascript:secureDecryptAndNavigate('SQkl3b5yRR0sTV+HVtBma496blK\/IrqNZVC3QpKXM\/ZI+dfeJN82N9zcYwMqsVRbki+tXhi4DHLN5qAmqJISgvbAv6P+8fuDmQ==', '607a61a4f21c7b08c8289208d825e4ec6b6483684e22a36f3711ad4e9110f41b')\">Kontakt per Mail<\/a><\/li>\n<\/ul>\n<ul>\n<li>Elektroinstalation (Niederspannung) und Material,\u00a0 Instandh. Geb\u00e4udetechnik, Instandh. MSR-Anlagen f. Geb\u00e4ude, Brandschutzarbeiten, Sanit\u00e4r, Heizung und Klimatechnik, GWA Installation, D\u00e4mmarbeiten, Bodenbelagarbeiten, Malerarbeiten, Heizungstechnik, Raumluftechnische Anlagen, Verglasungs-, Trockenbau und Holzarbeiten<\/li>\n<li><b>Bianca Tews<\/b><\/li>\n<li>0203 604-3702<\/li>\n<li><a href=\"javascript:secureDecryptAndNavigate('EMYFJ8JcGE8R6x5P+RRQ0sspEu9lNqQKcPcxBb+4997x9u5ameNfzhMspmrO4y0EpyjnwFpPuuQF8GeVoi5gjp6k', '607a61a4f21c7b08c8289208d825e4ec6b6483684e22a36f3711ad4e9110f41b')\">Kontakt per Mail<\/a><\/li>\n<\/ul>\n<ul>\n<li>Aufz\u00fcge<\/li>\n<li><b>Jennifer M\u00f6llensiepen<\/b><\/li>\n<li>0203 604-2268<\/li>\n<li><a href=\"javascript:secureDecryptAndNavigate('m476J1nPW2lumYm+s5FZg8YflHEFxFwNnzNgdO35LIya\/TY6zXBfmvIguMtODgJZrr7H\/BxtGTiIWnTbxwMxmGmP5L3Uzw==', '607a61a4f21c7b08c8289208d825e4ec6b6483684e22a36f3711ad4e9110f41b')\">Kontakt per Mail<\/a><\/li>\n<\/ul>\n<p><\/div>\n            <\/div>\n        <\/div>        <div class=\"panel panel-default\">\n            <div class=\"panel-heading\">\n              <h4 class=\"panel-title\">\n                <a class=\"accordion-toggle collapsed\" data-toggle=\"collapse\"\n                data-parent=\"#oscitas-accordion-0\"\n                href=\"#details-0-8\">\n                IT\n                <\/a>\n              <\/h4>\n            <\/div>\n            <div id=\"details-0-8\" class=\"panel-collapse collapse \">\n              <div class=\"panel-body\"><\/p>\n<ul>\n<li>Nachrichtentechnik &#8211; Leistungen im Umfeld\/Umsetzung v.\u00a0 TK L\u00f6sungen und Komponenten f. d. Betrieb von TK Systemen, Materialien und Leistungen auf Bezug zur Medientechnik, Material und Leistungen mit Bezug \u00dcberwachungstechnik (Video- Zutritts- und Meldetechnik)<\/li>\n<li><span style=\"color: #000000;\"><b>Svenja Nabbefeld<\/b><\/span><\/li>\n<li>0203 604-2781<\/li>\n<li><a href=\"javascript:secureDecryptAndNavigate('2on3etvC0HFhGOYwSsUtnRZrZqFJrvkKgOC8O13hJ51b0y4x6Ib+nPJYI+86QTkxugVuldk1DpBhWrCtW23QRAQlRw\/cL8rr', '607a61a4f21c7b08c8289208d825e4ec6b6483684e22a36f3711ad4e9110f41b')\">Kontakt per Mail<\/a><\/li>\n<\/ul>\n<ul>\n<li>Software IT\u00a0 Standardsoftware auf Infrastruktur der HA-S und der techn. Bereiche, Instandhaltung IT Hardware, aktive Netzwerkkomponenten (Switch, Router,AP)<\/li>\n<li><span style=\"background-color: #ffffff; color: #000000;\"><b>Peter Buttenbruch<\/b><\/span><\/li>\n<li>0203 604-2705<\/li>\n<li><a href=\"javascript:secureDecryptAndNavigate('4TYXOS0uN9oq1LsybvmJTXDD0\/POrG6K18xPz8WPdV53HcEvd2Ni8slL1VlqXNFTszDumA\/5wB5q1KIuTM7juU\/KwEfc4R\/MVA==', '607a61a4f21c7b08c8289208d825e4ec6b6483684e22a36f3711ad4e9110f41b')\">Kontakt per Mail<\/a><\/li>\n<\/ul>\n<ul>\n<li>Individual Software<\/li>\n<li><span style=\"background-color: #ffffff; color: #000000;\"><b>Ferdi Saliver<\/b><\/span><\/li>\n<li>0203 604-2747<\/li>\n<li><a href=\"javascript:secureDecryptAndNavigate('owYb\/a\/RKOpiqYc7qZSM0Si8WXU5K3GN+5pWxhvyM9DnbfClIY6IM04cnTooUipj83Ai4SXHfW3X0qi\/iQsPTl02StK0', '607a61a4f21c7b08c8289208d825e4ec6b6483684e22a36f3711ad4e9110f41b')\">Kontakt per Mail<\/a><\/div>\n            <\/div>\n        <\/div><\/div>\n","protected":false},"excerpt":{"rendered":"<p>Der Einkauf der Duisburger Versorgungs- und Verkehrsgesellschaft mbH (DVV) beschafft zentral Materialien und Dienstleistungen aus einem weitgef\u00e4cherten Warenspektrum f\u00fcr alle Gesellschaften des DVV-Konzerns, insbesondere f\u00fcr die Stadtwerke Duisburg AG, die Netze Duisburg GmbH, die Duisburger Verkehrsgesellschaft AG und die octeo Multiservices GmbH.<\/p>\n","protected":false},"author":1,"featured_media":0,"parent":50,"menu_order":0,"comment_status":"closed","ping_status":"closed","template":"","meta":{"_acf_changed":false,"footnotes":""},"class_list":["post-54","page","type-page","status-publish","hentry"],"acf":[],"_links":{"self":[{"href":"https:\/\/einkaufsportal.duisburg.de\/index.php\/wp-json\/wp\/v2\/pages\/54","targetHints":{"allow":["GET"]}}],"collection":[{"href":"https:\/\/einkaufsportal.duisburg.de\/index.php\/wp-json\/wp\/v2\/pages"}],"about":[{"href":"https:\/\/einkaufsportal.duisburg.de\/index.php\/wp-json\/wp\/v2\/types\/page"}],"author":[{"embeddable":true,"href":"https:\/\/einkaufsportal.duisburg.de\/index.php\/wp-json\/wp\/v2\/users\/1"}],"replies":[{"embeddable":true,"href":"https:\/\/einkaufsportal.duisburg.de\/index.php\/wp-json\/wp\/v2\/comments?post=54"}],"version-history":[{"count":177,"href":"https:\/\/einkaufsportal.duisburg.de\/index.php\/wp-json\/wp\/v2\/pages\/54\/revisions"}],"predecessor-version":[{"id":1638,"href":"https:\/\/einkaufsportal.duisburg.de\/index.php\/wp-json\/wp\/v2\/pages\/54\/revisions\/1638"}],"up":[{"embeddable":true,"href":"https:\/\/einkaufsportal.duisburg.de\/index.php\/wp-json\/wp\/v2\/pages\/50"}],"wp:attachment":[{"href":"https:\/\/einkaufsportal.duisburg.de\/index.php\/wp-json\/wp\/v2\/media?parent=54"}],"curies":[{"name":"wp","href":"https:\/\/api.w.org\/{rel}","templated":true}]}}