

{"id":9,"date":"2015-08-25T12:17:30","date_gmt":"2015-08-25T10:17:30","guid":{"rendered":"http:\/\/wwwdev.duit.loc\/wwwdev9\/?page_id=9"},"modified":"2016-12-20T09:46:44","modified_gmt":"2016-12-20T08:46:44","slug":"kontakt","status":"publish","type":"page","link":"https:\/\/einkaufsportal.duisburg.de\/index.php\/startseite-2\/kontakt\/","title":{"rendered":"Kontakt"},"content":{"rendered":"\n\n\t\t\t\t<div id=\"map_ol3js_1\" class=\"map undefined\" data-map_name=\"undefined\" data-map=\"map_ol3js_1\" style=\"width:100%; max-width:100%; height:450px; display:block; overflow:hidden;border:thin solid orange;\" >\n\t\t\t\t  <div id=\"map_ol3js_1_popup\" class=\"ol-popup\" >\n\t\t\t\t\t<a href=\"#\" id=\"map_ol3js_1_popup-closer\" class=\"ol-popup-closer\"><\/a>\n\t\t\t\t\t<div id=\"map_ol3js_1_popup-content\" ><\/div>\n\t\t\t\t  <\/div>\n\t\t\t\t<\/div>\n\t\t\t\n\n\t\t\t\t<script type=\"text\/javascript\">\n\t\t\t\t\ttranslations['openlayer'] = \"open layer\";\n\t\t\t\t\ttranslations['openlayerAtStartup'] = \"open layer at startup\";\n\t\t\t\t\ttranslations['generateLink'] = \"Der Link zur Karte mit ausgew\u00e4hlten Overlays und angezeigtem Ausschnitt\";\n\t\t\t\t\ttranslations['shortDescription'] = \"Kurzbeschreibung\";\n\t\t\t\t\ttranslations['generatedShortCode'] = \"to get a text control link paste this code in your wordpress editor\";\n\t\t\t\t\ttranslations['closeLayer'] = \"close layer\";\n\t\t\t\t\ttranslations['cantGenerateLink'] = \"put this string in the existing map short code to control this map\";\n\t\t\t  <\/script>\n\n\n\t\t\t  <script type=\"text\/javascript\">\n\t\t\t  vectorM['map_ol3js_1'] = [];\n\t        \n        var raster = getTileLayer(\"osm\",\"NoKey\");\t\t\t\n\n\t\t\t  var map_ol3js_1 = new ol.Map({\n\t\t\t\tinteractions: ol.interaction.defaults.defaults({mouseWheelZoom:false}),\n\t\t\t\tlayers: [raster],\n\t\t\t\ttarget: \"map_ol3js_1\",\n\t\t\t\tview: new ol.View({\n\t\t\t\t  center: ol.proj.transform([6.756,51.43], \"EPSG:4326\", \"EPSG:3857\"),\n\t\t\t\t  zoom: 12\n\t\t\t\t})\n\t\t\t  });\n\t\t\t  \n    var style0 = {\n      \"Point\": [new ol.style.Style({\n\n          image: new ol.style.Icon({\n            anchor: [0.5, 41],\n            anchorXUnits: \"fraction\",\n            anchorYUnits: \"pixels\",\n            opacity: 0.75,\n            src: \"https:\/\/einkaufsportal.duisburg.de\/wp-content\/plugins\/osm\/icons\/mic_blue_pinother_02.png\"\n          })\n      })],\n\n      \"LineString\": [new ol.style.Style({\n        stroke: new ol.style.Stroke({\n          color: \"blue\",\n          width: 8\n        })\n      })],\n      \"MultiLineString\": [new ol.style.Style({\n        stroke: new ol.style.Stroke({\n          color: \"blue\",\n          width: 4\n        })\n      })]\n    };\n\t\t  vectorL0 = new ol.layer.Vector({\n\n\t\t\tsource: new ol.source.Vector({\n\t\t  url:\"..\/..\/..\/wp-content\/themes\/dazzling\/inc\/data\/deg_community.kml\",\n\t\t\t  format: new ol.format.KML({ showPointNames: false})\n\t\t\t}),\n         zIndex: 92\n\t\t  });map_ol3js_1.addLayer(vectorL0);addControls2Map(map_ol3js_1,0,0,3,0,5,6,7,0,1);\nosm_addPopupClickhandler(map_ol3js_1,  \"map_ol3js_1\"); \nosm_addMouseHover(map_ol3js_1); <\/script>\n<p>&nbsp;<\/p>\n<ul>\n<li>DEG Duisburger Einkaufsgesellschaft mbH (DEG)<\/li>\n<li>Heerstr. 20<\/li>\n<li>47053 Duisburg<\/li>\n<li><a href=\"javascript:secureDecryptAndNavigate('\/+oicpGmYVxjkiscp6cpaC6V0hwBhoCEILHGqcqJjJ0AYPlnaOjcpS6L8se1DMs9SEWXWqxaxFyKnZsnxOuoegH\/\/pNdR8yenA7I', '607a61a4f21c7b08c8289208d825e4ec6b6483684e22a36f3711ad4e9110f41b')\">info [at] deg-duisburg [dot] de<\/a><\/li>\n<li><a class=\"btn btn-default btn-lg btn-block btn-contact-route  \" href=\"https:\/\/www.google.de\/maps\/dir\/Heerstra\u00dfe+20,+47053+Duisburg\/\"  rel=\"\"  target=\"_blank\"><i class=\"glyphicon glyphicon-road\" style=\"color:#81d742;\"><\/i> Anfahrt<\/a><\/li>\n<li><a class=\"btn btn-default btn-lg btn-block btn-contact-route \" href=\"#a\" target=\"_self\" rel=\"\" onclick=\"locateIcon(1)\"><i class=\"glyphicon glyphicon-flag\" style=\"color: #81d742;\"><\/i> Lage<\/a><\/li>\n<\/ul>\n<div class=\"clearfix\"><\/div>\n<p>&nbsp;<\/p>\n<ul>\n<li>Duisburger Versorgungs- und Verkehrsgesellschaft mbH (DVV)<\/li>\n<li>Bungertstra\u00dfe 27<\/li>\n<li>47053 Duisburg<\/li>\n<li><a href=\"javascript:secureDecryptAndNavigate('pVRJWymTyq\/rFOfN7e0jdMM+H688T3v75vm8vvzb5Pr\/FmoLb8Oxlljpv\/8OODQCfTTBjdWBBzOQn87kwH67go0F', '607a61a4f21c7b08c8289208d825e4ec6b6483684e22a36f3711ad4e9110f41b')\">info [at] dvv [dot] de<\/a><\/li>\n<li><a class=\"btn btn-default btn-lg btn-block btn-contact-route  \" href=\"https:\/\/www.google.de\/maps\/dir\/Bungertstra\u00dfe+27,+47053+Duisburg\/\"  rel=\"\"  target=\"_blank\"><i class=\"glyphicon glyphicon-road\" style=\"color:#81d742;\"><\/i> Anfahrt<\/a><\/li>\n<li><a class=\"btn btn-default btn-lg btn-block btn-contact-route \" href=\"#a\" target=\"_self\" rel=\"\" onclick=\"locateIcon(2)\"><i class=\"glyphicon glyphicon-flag\" style=\"color: #81d742;\"><\/i> Lage<\/a><\/li>\n<\/ul>\n<div class=\"clearfix\"><\/div>\n<p>&nbsp;<\/p>\n<ul>\n<li>Wirtschaftsbetriebe Duisburg-A\u00f6R (WBD)<\/li>\n<li>Schifferstr. 190<\/li>\n<li>47059 Duisburg<\/li>\n<li><a href=\"javascript:secureDecryptAndNavigate('vl14eDesDQvjRHpZ6lgOof+veemyOaKNZZloXZC\/yy1hZNBZGVWevEdwTczGvI4SVuMxK+YzF6e0mQXULzqgs9bW\/2U4I2yCFUU=', '607a61a4f21c7b08c8289208d825e4ec6b6483684e22a36f3711ad4e9110f41b')\">info [at] wb-duisburg [dot] de<\/a><\/li>\n<li><a class=\"btn btn-default btn-lg btn-block btn-contact-route  \" href=\"https:\/\/www.google.de\/maps\/dir\/Schifferstr.+190,+47053+Duisburg\/\"  rel=\"\"  target=\"_blank\"><i class=\"glyphicon glyphicon-road\" style=\"color:#81d742;\"><\/i> Anfahrt<\/a><\/li>\n<li><a class=\"btn btn-default btn-lg btn-block btn-contact-route \" href=\"#a\" target=\"_self\" rel=\"\" onclick=\"locateIcon(3)\"><i class=\"glyphicon glyphicon-flag\" style=\"color: #81d742;\"><\/i> Lage<\/a><\/li>\n<\/ul>\n<div class=\"clearfix\"><\/div>\n<p>&nbsp;<\/p>\n<ul>\n<li>Stadt Duisburg, Der Oberb\u00fcrgermeister (Stadtverwaltung)<\/li>\n<li>Burgplatz 19<\/li>\n<li>47051 Duisburg<\/li>\n<li><a href=\"javascript:secureDecryptAndNavigate('Bayc9VL2eUu1kmFcEwSLg7ZXOuZgsdCEd8mFHpDO5L4VtzpBQykqemO74n+Q95pmVSRD5yYOQSLE\/daXRi6i3cqyg55kT6+1gcRzY9k=', '607a61a4f21c7b08c8289208d825e4ec6b6483684e22a36f3711ad4e9110f41b')\">info [at] stadt-duisburg [dot] de<\/a><\/li>\n<li><a class=\"btn btn-default btn-lg btn-block btn-contact-route  \" href=\"https:\/\/www.google.de\/maps\/dir\/Burgplatz+19,+47051+Duisburg\/\"  rel=\"\"  target=\"_blank\"><i class=\"glyphicon glyphicon-road\" style=\"color:#81d742;\"><\/i> Anfahrt<\/a><\/li>\n<li><a class=\"btn btn-default btn-lg btn-block btn-contact-route \" href=\"#a\" target=\"_self\" rel=\"\" onclick=\"locateIcon(4)\"><i class=\"glyphicon glyphicon-flag\" style=\"color: #81d742;\"><\/i> Lage<\/a><\/li>\n<\/ul>\n<div class=\"clearfix\"><\/div>\n<p>&nbsp;<\/p>\n<ul>\n<li>Immobilien Management\u00a0Duisburg (IMD)<\/li>\n<li>Am Burgacker 3<\/li>\n<li>47051 Duisburg<\/li>\n<li><a href=\"javascript:secureDecryptAndNavigate('GEfcziqT7+UfPGuF\/zTpH7w7Mnw5WKYb7K63PXCCJJOrZOpoO2lrM6xbeeXMr2nrFaGMdVukZD8jjneWeVhA3RLpGd47ATytPEct6Oh8wr2I\/n2P', '607a61a4f21c7b08c8289208d825e4ec6b6483684e22a36f3711ad4e9110f41b')\">kontakt-imd [at] stadt-duisburg [dot] de<\/a><\/li>\n<li><a class=\"btn btn-default btn-lg btn-block btn-contact-route  \" href=\"https:\/\/www.google.de\/maps\/dir\/Am Burgacker.+3,+47051+Duisburg\/\"  rel=\"\"  target=\"_blank\"><i class=\"glyphicon glyphicon-road\" style=\"color:#81d742;\"><\/i> Anfahrt<\/a><\/li>\n<li><a class=\"btn btn-default btn-lg btn-block btn-contact-route \" href=\"#a\" target=\"_self\" rel=\"\" onclick=\"locateIcon(4)\"><i class=\"glyphicon glyphicon-flag\" style=\"color: #81d742;\"><\/i> Lage<\/a>\n<\/li>\n<\/ul>\n<div class=\"clearfix\"><\/div>\n<p>&nbsp;<\/p>\n<ul>\n<li>DuisburgSport<\/li>\n<li>Margaretenstra\u00dfe 11,<\/li>\n<li>47055 Duisburg<\/li>\n<li><a href=\"javascript:secureDecryptAndNavigate('b6egW4lR9epJesgodSpRMmiMfLnaKiS7W8PMxZwryVWDjq7ZrqqYk0vVNwA7eYZ\/davY++5x\/4CGwzXPa3FgUM1\/gDDYUYa1Ma6z9Q==', '607a61a4f21c7b08c8289208d825e4ec6b6483684e22a36f3711ad4e9110f41b')\">info [at] duisburgsport [dot] de<\/a><\/li>\n<li><a class=\"btn btn-default btn-lg btn-block btn-contact-route  \" href=\"https:\/\/www.google.de\/maps\/dir\/Margaretenstra\u00dfe+11,+47055+Duisburg\/\"  rel=\"\"  target=\"_blank\"><i class=\"glyphicon glyphicon-road\" style=\"color:#81d742;\"><\/i> Anfahrt<\/a><\/li>\n<li><a class=\"btn btn-default btn-lg btn-block btn-contact-route \" href=\"#a\" target=\"_self\" rel=\"\" onclick=\"locateIcon(6)\"><i class=\"glyphicon glyphicon-flag\" style=\"color: #81d742;\"><\/i> Lage<\/a><\/li>\n<\/ul>\n<div class=\"clearfix\"><\/div>\n<p>&nbsp;<\/p>\n","protected":false},"excerpt":{"rendered":"<p>&nbsp; DEG Duisburger Einkaufsgesellschaft mbH (DEG) Heerstr. 20 47053 Duisburg info [at] deg-duisburg [dot] de Lage &nbsp; Duisburger Versorgungs- und Verkehrsgesellschaft mbH (DVV) Bungertstra\u00dfe 27 47053 Duisburg info [at] dvv [dot] de Lage &nbsp; Wirtschaftsbetriebe Duisburg-A\u00f6R (WBD) Schifferstr. 190 47059 Duisburg info [at] wb-duisburg [dot] de Lage &nbsp; Stadt Duisburg, Der Oberb\u00fcrgermeister (Stadtverwaltung) Burgplatz 19 [&hellip;]<\/p>\n","protected":false},"author":1,"featured_media":0,"parent":21,"menu_order":0,"comment_status":"closed","ping_status":"closed","template":"","meta":{"_acf_changed":false,"footnotes":""},"class_list":["post-9","page","type-page","status-publish","hentry"],"acf":[],"_links":{"self":[{"href":"https:\/\/einkaufsportal.duisburg.de\/index.php\/wp-json\/wp\/v2\/pages\/9","targetHints":{"allow":["GET"]}}],"collection":[{"href":"https:\/\/einkaufsportal.duisburg.de\/index.php\/wp-json\/wp\/v2\/pages"}],"about":[{"href":"https:\/\/einkaufsportal.duisburg.de\/index.php\/wp-json\/wp\/v2\/types\/page"}],"author":[{"embeddable":true,"href":"https:\/\/einkaufsportal.duisburg.de\/index.php\/wp-json\/wp\/v2\/users\/1"}],"replies":[{"embeddable":true,"href":"https:\/\/einkaufsportal.duisburg.de\/index.php\/wp-json\/wp\/v2\/comments?post=9"}],"version-history":[{"count":111,"href":"https:\/\/einkaufsportal.duisburg.de\/index.php\/wp-json\/wp\/v2\/pages\/9\/revisions"}],"predecessor-version":[{"id":1086,"href":"https:\/\/einkaufsportal.duisburg.de\/index.php\/wp-json\/wp\/v2\/pages\/9\/revisions\/1086"}],"up":[{"embeddable":true,"href":"https:\/\/einkaufsportal.duisburg.de\/index.php\/wp-json\/wp\/v2\/pages\/21"}],"wp:attachment":[{"href":"https:\/\/einkaufsportal.duisburg.de\/index.php\/wp-json\/wp\/v2\/media?parent=9"}],"curies":[{"name":"wp","href":"https:\/\/api.w.org\/{rel}","templated":true}]}}