{"id":96,"date":"2015-10-21T09:47:06","date_gmt":"2015-10-21T07:47:06","guid":{"rendered":"http:\/\/wwwdev.duit.loc\/wwwdev9\/?page_id=96"},"modified":"2026-02-23T07:04:51","modified_gmt":"2026-02-23T06:04:51","slug":"dvv","status":"publish","type":"page","link":"https:\/\/einkaufsportal.duisburg.de\/indexphp\/startseite-2\/dokumente\/dvv\/","title":{"rendered":"Dokumente DVV"},"content":{"rendered":"<div class=\"panel-group accordion-contacts\" id=\"oscitas-accordion-0\">        <div class=\"panel panel-default\">\n            <div class=\"panel-heading\">\n              <h4 class=\"panel-title\">\n                <a class=\"accordion-toggle collapsed\" data-toggle=\"collapse\"\n                data-parent=\"#oscitas-accordion-0\"\n                href=\"#details-0-0\">\n                Vertragsbedingungen\n                <\/a>\n              <\/h4>\n            <\/div>\n            <div id=\"details-0-0\" class=\"panel-collapse collapse \">\n              <div class=\"panel-body\"><\/p>\n<p><a href=\"https:\/\/einkaufsportal.duisburg.de\/wp-content\/filebase\/dokumente_dvv\/technische_vertragsbedingungen\/Baustellordnung-SWDU.zip\" target=\"_blank\" rel=\"noopener\">Baustellordnung-SWDU<\/a><\/p>\n<p><a href=\"https:\/\/einkaufsportal.duisburg.de\/wp-content\/filebase\/dokumente_dvv\/technische_vertragsbedingungen\/AGB-fuer-die-Abfallwirtschaft_DVV-Konzern-Stand_03_2023.pdf\" target=\"_blank\" rel=\"noopener\">AGB f\u00fcr die Abfallwirtschaft DVV-Konzern Stand_03_2023<\/a><\/p>\n<p><a href=\"https:\/\/einkaufsportal.duisburg.de\/wp-content\/filebase\/dokumente_dvv\/technische_vertragsbedingungen\/ZVB-Bauleistungen_DVV-Konzern-Stand_03_2023.pdf\" target=\"_blank\" rel=\"noopener\">ZVB Bauleistungen DVV-Konzern Stand_03_2023<\/a><\/p>\n<p><a href=\"https:\/\/einkaufsportal.duisburg.de\/wp-content\/filebase\/dokumente_dvv\/technische_vertragsbedingungen\/AGB-fuer-die-Abfallwirtschaft_DVV-Konzern-Stand_03_2023.pdf\" target=\"_blank\" rel=\"noopener\">AGB f\u00fcr die Abfallwirtschaft DVV-Konzern Stand_03_2023<\/a><\/p>\n<p><a href=\"https:\/\/einkaufsportal.duisburg.de\/wp-content\/filebase\/dokumente_dvv\/technische_vertragsbedingungen\/AGB-fu00fcr-Lieferungen-und-Leistungen_DVV-Konzern-Stand_03_2023.pdf\" target=\"_blank\" rel=\"noopener\">AGB f\u00fcr Lieferungen und Leistungen DVV-Konzern Stand_03_2023<\/a><\/p>\n<p><\/div>\n            <\/div>\n        <\/div>        <div class=\"panel panel-default\">\n            <div class=\"panel-heading\">\n              <h4 class=\"panel-title\">\n                <a class=\"accordion-toggle collapsed\" data-toggle=\"collapse\"\n                data-parent=\"#oscitas-accordion-0\"\n                href=\"#details-0-1\">\n                Abnahmeprotokolle und B\u00fcrgschaftsformulare\n                <\/a>\n              <\/h4>\n            <\/div>\n            <div id=\"details-0-1\" class=\"panel-collapse collapse \">\n              <div class=\"panel-body\"><\/p>\n<p><a href=\"https:\/\/einkaufsportal.duisburg.de\/wp-content\/filebase\/dokumente_dvv\/abnahmeprotokolle-und-buergschaftsformulare\/Maengelanspruechebuergschaft-VHB-Formular-422-Ausgabe-2017.pdf\" target=\"_blank\" rel=\"noopener\">M\u00e4ngelanspr\u00fccheb\u00fcrgschaft VHB Formular 422 Ausgabe 2017<\/a><\/p>\n<p><a href=\"https:\/\/einkaufsportal.duisburg.de\/wp-content\/filebase\/dokumente_dvv\/abnahmeprotokolle-und-buergschaftsformulare\/Abschlagszahlungs-_Vorauszahlungsbuergschaft-VHB-Formular-423-Ausgabe-2017.pdf\" target=\"_blank\" rel=\"noopener\">Abschlagszahlungs- Vorauszahlungsb\u00fcrgschaft VHB Formular 423 Ausgabe 2017<\/a><\/p>\n<p><a href=\"https:\/\/einkaufsportal.duisburg.de\/wp-content\/filebase\/dokumente_dvv\/abnahmeprotokolle-und-buergschaftsformulare\/Abnahmeprotokoll-VHB-Formular-442-Ausgabe-2019.pdf\" target=\"_blank\" rel=\"noopener\">Abnahmeprotokoll VHB Formular 442 Ausgabe 2019<\/a><\/p>\n<p><a href=\"https:\/\/einkaufsportal.duisburg.de\/wp-content\/filebase\/dokumente_dvv\/abnahmeprotokolle-und-buergschaftsformulare\/Abnahmeprotokoll_Zwischenabnahme_Zustandsfeststellung-VHB-Formular-441-E28093-Ausgabe-2017.pdf\" target=\"_blank\" rel=\"noopener\">Abnahmeprotokoll Zwischenabnahme Zustandsfeststellung VHB Formular 441 E28093 Ausgabe 2017<\/a><\/p>\n<p><a href=\"https:\/\/einkaufsportal.duisburg.de\/wp-content\/filebase\/dokumente_dvv\/abnahmeprotokolle-und-buergschaftsformulare\/Abnahmeprotokoll-Maengelbeseitigung-VHB-Formular-443-Ausgabe-2019.pdf\" target=\"_blank\" rel=\"noopener\">Abnahmeprotokoll M\u00e4ngelbeseitigung VHB Formular 443 Ausgabe 2019<\/a><\/p>\n<p><a href=\"https:\/\/einkaufsportal.duisburg.de\/wp-content\/filebase\/dokumente_dvv\/abnahmeprotokolle-und-buergschaftsformulare\/Vertragserfuellungsbuergschaft-modifiziertes-VHB-Formular-421-Ausgabe-2017_ausfuellbar.pdf\" target=\"_blank\" rel=\"noopener\">Vertragserf\u00fcllungsb\u00fcrgschaft modifiziertes VHB Formular 421 Ausgabe 2017 ausf\u00fcllbar<\/a><\/p>\n<p><\/div>\n            <\/div>\n        <\/div>        <div class=\"panel panel-default\">\n            <div class=\"panel-heading\">\n              <h4 class=\"panel-title\">\n                <a class=\"accordion-toggle collapsed\" data-toggle=\"collapse\"\n                data-parent=\"#oscitas-accordion-0\"\n                href=\"#details-0-2\">\n                Freistellungsbescheinigung \u00a748b EStG\n                <\/a>\n              <\/h4>\n            <\/div>\n            <div id=\"details-0-2\" class=\"panel-collapse collapse \">\n              <div class=\"panel-body\"><\/p>\n<p><a href=\"https:\/\/einkaufsportal.duisburg.de\/wp-content\/uploads\/Freistellungsbescheinigung-\u00a748b-EStG_DVV_31122028.pdf\" target=\"_blank\" rel=\"noopener\">Freistellungsbescheinigung \u00a748 EStG DVV bis 30.12.2028<\/a><\/p>\n<p><a href=\"https:\/\/einkaufsportal.duisburg.de\/wp-content\/uploads\/Freistellungsbescheinigung-\u00a748b-EStG_Thermoplus_31122028.pdf\" target=\"_blank\" rel=\"noopener\">Freistellungsbescheinigung \u00a748 EStG Thermoplus bis 30.12.2028<\/a><\/p>\n<p><a href=\"https:\/\/einkaufsportal.duisburg.de\/wp-content\/uploads\/Freistellungsbescheinigung-\u00a748b-EStG_Stadtwerke-Duisburg_31122028.pdf\" target=\"_blank\" rel=\"noopener\">Freistellungsbescheinigung \u00a748 EStG Stadtwerke Duisburg bis 30.12.2028<\/a><\/p>\n<p><a href=\"https:\/\/einkaufsportal.duisburg.de\/wp-content\/uploads\/Freistellungsbescheinigung-\u00a748b-EStG_Sovorte_31122028.pdf\" target=\"_blank\" rel=\"noopener\">Freistellungsbescheinigung \u00a748 EStG Sovorte bis 30.12.2028<\/a><\/p>\n<p><a href=\"https:\/\/einkaufsportal.duisburg.de\/wp-content\/uploads\/Freistellungsbescheinigung-\u00a748b-EStG_Netze-Duisburg_31122028.pdf\" target=\"_blank\" rel=\"noopener\">Freistellungsbescheinigung \u00a748 EStG Netze Duisburg bis 30.12.2028<\/a><\/p>\n<p><a href=\"https:\/\/einkaufsportal.duisburg.de\/wp-content\/uploads\/Freistellungsbescheinigung-\u00a748b-EStG_Enervivo_31122028.pdf\" target=\"_blank\" rel=\"noopener\">Freistellungsbescheinigung \u00a748 EStG EnerVivo GmbH bis 30.12.2028<\/a><\/p>\n<p><a href=\"https:\/\/einkaufsportal.duisburg.de\/wp-content\/uploads\/Freistellungsbescheinigung-\u00a748b-EStG_DVG_31122028.pdf\" target=\"_blank\" rel=\"noopener\">Freistellungsbescheinigung \u00a748 EStG DVG bis 30.12.2028<\/a><\/p>\n<p><a href=\"https:\/\/einkaufsportal.duisburg.de\/wp-content\/filebase\/dokumente_dvv\/freistellungsbescheinigungen\/Freistellungsbescheinigung-%25C2%25A7-48-EStG-Akuras-bis-04.03.2027.pdf\" target=\"_blank\" rel=\"noopener\">Freistellungsbescheinigung \u00a748 EStG Akuras bis 04.03.2027<\/a><\/p>\n<p><a href=\"https:\/\/einkaufsportal.duisburg.de\/wp-content\/uploads\/Freistellungsbescheinigung-\u00a748b-EStG_DCC.pdf\" target=\"_blank\" rel=\"noopener\">Freistellungsbescheinigung \u00a748 EStG DCC DU CityCom bis 30.12.2028<\/a><\/p>\n<p><a href=\"https:\/\/einkaufsportal.duisburg.de\/wp-content\/uploads\/Freistellungsbescheinigung-\u00a748b-EStG_SW-Metering_31122028.pdf\" target=\"_blank\" rel=\"noopener\">Freistellungsbescheinigung \u00a748 EStG Stadtwerke Metering bis 30.12.2028<\/a><\/p>\n<p><a href=\"https:\/\/einkaufsportal.duisburg.de\/wp-content\/filebase\/dokumente_dvv\/freistellungsbescheinigungen\/Freistellungsbescheinigung-%25C2%25A7-48-EStG-Fernwaerme-Duisburg-bis-31.12.2027.pdf\" target=\"_blank\" rel=\"noopener\">Freistellungsbescheinigung \u00a748 EStG Fernw\u00e4rme Duisburg bis 31.12.2027<\/a><\/p>\n<p><a href=\"https:\/\/einkaufsportal.duisburg.de\/wp-content\/filebase\/dokumente_dvv\/freistellungsbescheinigungen\/Freistellungsbescheinigung-%25C2%25A7-48-EStG-OCTEO-bis-31.12.2027.pdf\" target=\"_blank\" rel=\"noopener\">Freistellungsbescheinigung \u00a748 EStG OCTEO bis 31.12.2027<\/a><\/p>\n<p><a href=\"https:\/\/einkaufsportal.duisburg.de\/wp-content\/uploads\/filebase\/dokumente_dvv\/freistellungsbescheinigungen\/Freistellungsbescheinigung%20%C2%A7%2048%20EStG%20DUIT%20bis%2001.06.2026.pdf\" target=\"_blank\" rel=\"noopener\">Freistellungsbescheinigung \u00a748 EStG Duit bis 01.06.2026<\/a><\/p>\n<p><\/div>\n            <\/div>\n        <\/div>        <div class=\"panel panel-default\">\n            <div class=\"panel-heading\">\n              <h4 class=\"panel-title\">\n                <a class=\"accordion-toggle collapsed\" data-toggle=\"collapse\"\n                data-parent=\"#oscitas-accordion-0\"\n                href=\"#details-0-3\">\n                Nachweis Steuerschuldnerschaft Bau- und Reinigungsleistungen \u00a713b UStG\n                <\/a>\n              <\/h4>\n            <\/div>\n            <div id=\"details-0-3\" class=\"panel-collapse collapse \">\n              <div class=\"panel-body\"><\/p>\n<p><a href=\"https:\/\/einkaufsportal.duisburg.de\/wp-content\/filebase\/dokumente_dvv\/bescheinigungen-bauleistungen\/Nachweis-Steuerschuldnerschaft-C2A713b-UStG-DVV-bis-31.05.2027.pdf\" target=\"_blank\" rel=\"noopener\">Nachweis Steuerschuldnerschaft \u00a713b UStG DVV bis 31.05.2027<\/a><\/p>\n<p><a href=\"https:\/\/einkaufsportal.duisburg.de\/wp-content\/filebase\/dokumente_dvv\/bescheinigungen-bauleistungen\/Nachweis-Steuerschuldnerschaft-C2A713b-UStG-Octeo-bis-31.05.2027.pdf\" target=\"_blank\" rel=\"noopener\">Nachweis Steuerschuldnerschaft \u00a713b UStG Octeo bis 31.05.2027<\/a><\/p>\n<p><\/div>\n            <\/div>\n        <\/div>        <div class=\"panel panel-default\">\n            <div class=\"panel-heading\">\n              <h4 class=\"panel-title\">\n                <a class=\"accordion-toggle collapsed\" data-toggle=\"collapse\"\n                data-parent=\"#oscitas-accordion-0\"\n                href=\"#details-0-4\">\n                Nachweis Wiederverk\u00e4ufer \u00a713b UStG\n                <\/a>\n              <\/h4>\n            <\/div>\n            <div id=\"details-0-4\" class=\"panel-collapse collapse \">\n              <div class=\"panel-body\"><\/p>\n<p><a href=\"https:\/\/einkaufsportal.duisburg.de\/wp-content\/filebase\/dokumente_dvv\/Nachweis_Wiederverkaeufer\/Nachweis-fuer-Wiederverkaeufer-Stadtwerke_Energiehandel-bis-18.10.2026.pdf\" target=\"_blank\" rel=\"noopener\">Nachweis f\u00fcr Wiederverk\u00e4ufer Stadtwerke Energiehandel bis 18.10.2026<\/a><\/p>\n<p><a href=\"https:\/\/einkaufsportal.duisburg.de\/wp-content\/uploads\/filebase\/dokumente_dvv\/Nachweis_Wiederverkaeufer\/Nachweis-fuer-Wiederverkaeufer-DVV-bis-06.02.028.pdf?_t=1739784606\" target=\"_blank\" rel=\"noopener\">Nachweis f\u00fcr Wiederverk\u00e4ufer DVV bis 06.02.2028<\/a><\/p>\n<p><a href=\"https:\/\/einkaufsportal.duisburg.de\/wp-content\/filebase\/dokumente_dvv\/Nachweis_Wiederverkaeufer\/Nachweis-fuer-Wiederverkaeufer-Stadtwerke-Duisburg-AG-bis-13.06.2027.pdf\" target=\"_blank\" rel=\"noopener\">Nachweis f\u00fcr Wiederverk\u00e4ufer Stadtwerke Duisburg AG bis 13.06.2027<\/a><\/p>\n<p><a href=\"https:\/\/einkaufsportal.duisburg.de\/wp-content\/filebase\/dokumente_dvv\/Nachweis_Wiederverkaeufer\/Nachweis-fuer-Wiederverkaeufer-EnergieGUT-bis-13.06.2027.pdf\" target=\"_blank\" rel=\"noopener\">Nachweis f\u00fcr Wiederverk\u00e4ufer EnergieGUT bis 13.06.2027<\/a><\/p>\n<p><a href=\"https:\/\/einkaufsportal.duisburg.de\/wp-content\/uploads\/filebase\/dokumente_dvv\/Nachweis_Wiederverkaeufer\/Nachweis-fuer-Wiederverkaeufer-Stadtwerke-Duisburg-AG-bis-13.06.2027.pdf\" target=\"_blank\" rel=\"noopener\">Nachweis f\u00fcr Wiederverk\u00e4ufer\u00a0Stadtwerke bis 06.02.2028<\/a><\/p>\n<p><a href=\"https:\/\/einkaufsportal.duisburg.de\/wp-content\/uploads\/filebase\/dokumente_dvv\/Nachweis_Wiederverkaeufer\/Nachweis%20f%C3%BCr%20Wiederverk%C3%A4ufer%20Netze%20bis%2010.06.2027.pdf?_t=1771487854\" target=\"_blank\" rel=\"noopener\">Nachweis f\u00fcr Wiederverk\u00e4ufer Netze bis 10.06.2027<\/a><\/p>\n<p><\/div>\n            <\/div>\n        <\/div>        <div class=\"panel panel-default\">\n            <div class=\"panel-heading\">\n              <h4 class=\"panel-title\">\n                <a class=\"accordion-toggle collapsed\" data-toggle=\"collapse\"\n                data-parent=\"#oscitas-accordion-0\"\n                href=\"#details-0-5\">\n                Verhaltenskodex f\u00fcr Lieferanten des DVV-Konzerns\n                <\/a>\n              <\/h4>\n            <\/div>\n            <div id=\"details-0-5\" class=\"panel-collapse collapse \">\n              <div class=\"panel-body\"><\/p>\n<p><a href=\"https:\/\/einkaufsportal.duisburg.de\/wp-content\/filebase\/dokumente_dvv\/verhaltenskodex_lieferanten_dvv\/Zertifikat-BME-Compliance-Initiative-DVV-Stand-01_2025.pdf\" target=\"_blank\" rel=\"noopener\">Zertifikat BME Compliance Initiative DVV Stand 01 2025<\/a><\/p>\n<p><a href=\"https:\/\/einkaufsportal.duisburg.de\/wp-content\/filebase\/dokumente_dvv\/verhaltenskodex_lieferanten_dvv\/BME_Verhaltensrichtlinie_Code_of_Conduct_Lieferanten_2024.pdf\" target=\"_blank\" rel=\"noopener\">BME Verhaltensrichtlinie Code of Conduct Lieferanten 2024<\/a><\/p>\n<p><\/div>\n            <\/div>\n        <\/div><\/div>\n\n","protected":false},"excerpt":{"rendered":"","protected":false},"author":1,"featured_media":0,"parent":31,"menu_order":0,"comment_status":"closed","ping_status":"closed","template":"","meta":{"_acf_changed":false,"footnotes":""},"class_list":["post-96","page","type-page","status-publish","hentry"],"acf":[],"_links":{"self":[{"href":"https:\/\/einkaufsportal.duisburg.de\/index.php\/wp-json\/wp\/v2\/pages\/96","targetHints":{"allow":["GET"]}}],"collection":[{"href":"https:\/\/einkaufsportal.duisburg.de\/index.php\/wp-json\/wp\/v2\/pages"}],"about":[{"href":"https:\/\/einkaufsportal.duisburg.de\/index.php\/wp-json\/wp\/v2\/types\/page"}],"author":[{"embeddable":true,"href":"https:\/\/einkaufsportal.duisburg.de\/index.php\/wp-json\/wp\/v2\/users\/1"}],"replies":[{"embeddable":true,"href":"https:\/\/einkaufsportal.duisburg.de\/index.php\/wp-json\/wp\/v2\/comments?post=96"}],"version-history":[{"count":99,"href":"https:\/\/einkaufsportal.duisburg.de\/index.php\/wp-json\/wp\/v2\/pages\/96\/revisions"}],"predecessor-version":[{"id":1680,"href":"https:\/\/einkaufsportal.duisburg.de\/index.php\/wp-json\/wp\/v2\/pages\/96\/revisions\/1680"}],"up":[{"embeddable":true,"href":"https:\/\/einkaufsportal.duisburg.de\/index.php\/wp-json\/wp\/v2\/pages\/31"}],"wp:attachment":[{"href":"https:\/\/einkaufsportal.duisburg.de\/index.php\/wp-json\/wp\/v2\/media?parent=96"}],"curies":[{"name":"wp","href":"https:\/\/api.w.org\/{rel}","templated":true}]}}